{"id":23534,"date":"2020-12-15T10:56:40","date_gmt":"2020-12-15T09:56:40","guid":{"rendered":"https:\/\/www.interbusinesschamber.com\/produit\/uriage-roseliane-creme-anti-rougeurs-spf-30\/"},"modified":"2020-12-30T11:08:53","modified_gmt":"2020-12-30T10:08:53","slug":"uriage-roseliane-creme-anti-rougeurs-spf-30","status":"publish","type":"product","link":"https:\/\/www.sopha-sahara.com\/en\/product\/uriage-roseliane-creme-anti-rougeurs-spf-30\/","title":{"rendered":"URIAGE ROS\u00c9LIANE CR\u00c9ME ANTI ROUGEURS SPF 30"},"content":{"rendered":"<h4 class=\"tabs-title\">Conseils d'utilisation<\/h4>\n<div class=\"std new-std\">\n<p>Appliquer le matin sur le visage.<\/p>\n<\/div>","protected":false},"excerpt":{"rendered":"<p>Une cr\u00e8me onctueuse, fondante et non grasse qui apaise durablement les sensations d&rsquo;\u00e9chauffements et de tiraillements, diminue les rougeurs et apporte une haute protection anti-UVA\/UVB pour pr\u00e9venir leur apparition.<br \/>Elle procure d\u00e8s application un confort imm\u00e9diat et laisse la peau douce, apais\u00e9e et prot\u00e9g\u00e9e.<br \/>Riche en Eau Thermale d&rsquo;Uriage aux propri\u00e9t\u00e9s hydratantes et apaisantes et en C\u00e9rasterol-2F qui restructure durablement la barri\u00e8re cutan\u00e9e, cette cr\u00e8me hydrate et apporte un confort imm\u00e9diat et durable \u00e0 la peau.<br \/>Les extraits de ginseng et d&rsquo;algues rouges renforcent la paroi des vaisseaux sanguins pour limiter leur apparition sur la surface de la peau.<\/p>","protected":false},"featured_media":23654,"template":"","meta":{"arc_restricted_post":false},"product_cat":[48,333],"product_tag":[],"_links":{"self":[{"href":"https:\/\/www.sopha-sahara.com\/en\/wp-json\/wp\/v2\/product\/23534"}],"collection":[{"href":"https:\/\/www.sopha-sahara.com\/en\/wp-json\/wp\/v2\/product"}],"about":[{"href":"https:\/\/www.sopha-sahara.com\/en\/wp-json\/wp\/v2\/types\/product"}],"wp:featuredmedia":[{"embeddable":true,"href":"https:\/\/www.sopha-sahara.com\/en\/wp-json\/wp\/v2\/media\/23654"}],"wp:attachment":[{"href":"https:\/\/www.sopha-sahara.com\/en\/wp-json\/wp\/v2\/media?parent=23534"}],"wp:term":[{"taxonomy":"product_cat","embeddable":true,"href":"https:\/\/www.sopha-sahara.com\/en\/wp-json\/wp\/v2\/product_cat?post=23534"},{"taxonomy":"product_tag","embeddable":true,"href":"https:\/\/www.sopha-sahara.com\/en\/wp-json\/wp\/v2\/product_tag?post=23534"}],"curies":[{"name":"wp","href":"https:\/\/api.w.org\/{rel}","templated":true}]}}