{"id":23533,"date":"2020-12-15T10:56:39","date_gmt":"2020-12-15T09:56:39","guid":{"rendered":"https:\/\/www.interbusinesschamber.com\/produit\/uriage-age-protect-contour-des-yeux-multi-actions-15ml\/"},"modified":"2020-12-29T17:47:54","modified_gmt":"2020-12-29T16:47:54","slug":"uriage-age-protect-contour-des-yeux-multi-actions-15ml","status":"publish","type":"product","link":"https:\/\/www.sopha-sahara.com\/en\/product\/uriage-age-protect-contour-des-yeux-multi-actions-15ml\/","title":{"rendered":"URIAGE AGE PROTECT CONTOUR DES YEUX MULTI-ACTIONS 15ML"},"content":{"rendered":"<div><strong>CONSEILS D'UTILISATION :<\/strong><\/div>\n<div>\n<div>Appliquer le matin et\/ou soir par l\u00e9gers massages sur le contour de l'\u0153il. Ne pas appliquer chez la femme enceinte.<\/div>\n<\/div>","protected":false},"excerpt":{"rendered":"<div>Sa texture fondante agit simultan\u00e9ment sur les signes de l&rsquo;\u00e2ge et sur les agressions quotidiennes que subit la peau : lumi\u00e8re bleue, UV, pollution, stress, fatigue&#8230; Enrichi en actifs d\u00e9congestionnant et fouteurs, il att\u00e9nue l\u2019apparence des rides, poches, cernes et rehausse les paupi\u00e8res pour un effet liftant, et lisse le contour de l\u2019\u0153il.<\/div>\n<div>\u00a0<\/div>\n<div>Pr\u00e9vient et corrige les signes de l\u2019\u00e2ge<\/div>\n<div>Diminue l&rsquo;apparence des ridules et des rides, lutte contre la perte de tonicit\u00e9 et le manque de fermet\u00e9, redonne vitalit\u00e9 et \u00e9clat.<\/div>\n<div>\u00a0<\/div>\n<div>Prot\u00e8ge la peau<\/div>\n<div>La peau est prot\u00e9g\u00e9e de la pollution et des m\u00e9faits de la lumi\u00e8re bleue gr\u00e2ce au BLB*.<\/div>\n<div>\u00a0<\/div>\n<div>Att\u00e9nue l\u2019apparence des cernes et des poches<\/div>\n<div>Les cernes et les poches sont visiblement diminu\u00e9s gr\u00e2ce aux actifs d\u00e9congestionnant et fouteurs.<\/div>\n<div>\u00a0<\/div>\n<div>Hydrate la peau<\/div>\n<div>Enrichie en Eau Thermale d\u2019Uriage et en Cires V\u00e9g\u00e9tales pour une peau souple et hydrat\u00e9e.<\/div>\n<div>\u00a0<\/div>\n<div>\n<div>\u00a0<\/div>\n<\/div>","protected":false},"featured_media":23550,"template":"","meta":{"arc_restricted_post":false},"product_cat":[48,333],"product_tag":[],"_links":{"self":[{"href":"https:\/\/www.sopha-sahara.com\/en\/wp-json\/wp\/v2\/product\/23533"}],"collection":[{"href":"https:\/\/www.sopha-sahara.com\/en\/wp-json\/wp\/v2\/product"}],"about":[{"href":"https:\/\/www.sopha-sahara.com\/en\/wp-json\/wp\/v2\/types\/product"}],"wp:featuredmedia":[{"embeddable":true,"href":"https:\/\/www.sopha-sahara.com\/en\/wp-json\/wp\/v2\/media\/23550"}],"wp:attachment":[{"href":"https:\/\/www.sopha-sahara.com\/en\/wp-json\/wp\/v2\/media?parent=23533"}],"wp:term":[{"taxonomy":"product_cat","embeddable":true,"href":"https:\/\/www.sopha-sahara.com\/en\/wp-json\/wp\/v2\/product_cat?post=23533"},{"taxonomy":"product_tag","embeddable":true,"href":"https:\/\/www.sopha-sahara.com\/en\/wp-json\/wp\/v2\/product_tag?post=23533"}],"curies":[{"name":"wp","href":"https:\/\/api.w.org\/{rel}","templated":true}]}}