{"id":23532,"date":"2020-12-15T10:56:39","date_gmt":"2020-12-15T09:56:39","guid":{"rendered":"https:\/\/www.interbusinesschamber.com\/produit\/uriage-hyseac-pate-sos-soin-local-15-g\/"},"modified":"2020-12-30T11:00:37","modified_gmt":"2020-12-30T10:00:37","slug":"uriage-hyseac-pate-sos-soin-local-15-g","status":"publish","type":"product","link":"https:\/\/www.sopha-sahara.com\/en\/product\/uriage-hyseac-pate-sos-soin-local-15-g\/","title":{"rendered":"URIAGE HYS\u00c9AC P\u00c2TE SOS SOIN LOCAL 15 G"},"content":{"rendered":"<p><strong>CONSEILS D'UTILISATION :<\/strong><\/p>\n<p>Appliquer le soir sur les boutons localis\u00e9s. Laisser agir toute la nuit. Rincer le lendemain et observer le r\u00e9sultat. Si besoin, r\u00e9p\u00e9ter l'application la nuit suivante.<\/p>","protected":false},"excerpt":{"rendered":"<p>La P\u00c2TE SOS Soin Local, agit d\u00e8s la premi\u00e8re nuit en acc\u00e9l\u00e9rant le processus de maturation des boutons pour les faire disparaitre rapidement.<\/p>\n<p>Agit sur les boutons<br \/>Gr\u00e2ce \u00e0 sa formule qui associe l\u2019action de l\u2019huile de schiste purifiante \u00e0 l\u2019argile verte naturellement absorbante et au zinc.<\/p>\n<p>Apaise localement<br \/>\u00c0 ces actifs sp\u00e9cifiques est ajout\u00e9e l\u2019Eau Thermale d\u2019Uriage qui permet d\u2019apaiser la peau localement.<\/p>","protected":false},"featured_media":23645,"template":"","meta":{"arc_restricted_post":false},"product_cat":[48,333],"product_tag":[],"_links":{"self":[{"href":"https:\/\/www.sopha-sahara.com\/en\/wp-json\/wp\/v2\/product\/23532"}],"collection":[{"href":"https:\/\/www.sopha-sahara.com\/en\/wp-json\/wp\/v2\/product"}],"about":[{"href":"https:\/\/www.sopha-sahara.com\/en\/wp-json\/wp\/v2\/types\/product"}],"wp:featuredmedia":[{"embeddable":true,"href":"https:\/\/www.sopha-sahara.com\/en\/wp-json\/wp\/v2\/media\/23645"}],"wp:attachment":[{"href":"https:\/\/www.sopha-sahara.com\/en\/wp-json\/wp\/v2\/media?parent=23532"}],"wp:term":[{"taxonomy":"product_cat","embeddable":true,"href":"https:\/\/www.sopha-sahara.com\/en\/wp-json\/wp\/v2\/product_cat?post=23532"},{"taxonomy":"product_tag","embeddable":true,"href":"https:\/\/www.sopha-sahara.com\/en\/wp-json\/wp\/v2\/product_tag?post=23532"}],"curies":[{"name":"wp","href":"https:\/\/api.w.org\/{rel}","templated":true}]}}