{"id":23531,"date":"2020-12-15T10:56:38","date_gmt":"2020-12-15T09:56:38","guid":{"rendered":"https:\/\/www.interbusinesschamber.com\/produit\/uriage-solaire-bariesun-fluide-ultra-leger-spf50-30-ml\/"},"modified":"2020-12-30T11:15:20","modified_gmt":"2020-12-30T10:15:20","slug":"uriage-solaire-bariesun-fluide-ultra-leger-spf50-30-ml","status":"publish","type":"product","link":"https:\/\/www.sopha-sahara.com\/en\/product\/uriage-solaire-bariesun-fluide-ultra-leger-spf50-30-ml\/","title":{"rendered":"URIAGE SOLAIRE BARIESUN FLUIDE ULTRA-LEGER SPF50+ 30 ML"},"content":{"rendered":"<div class=\"title-border\">\n<h4 class=\"h2\">Conseils d'utilisation<\/h4>\n<\/div>\n<div class=\"std\">\n<p>Avant l'exposition, appliquer une dose suffisante pour bien couvrir la zone expos\u00e9e, par exemple l'\u00e9quivalent d'une cuill\u00e8re \u00e0 caf\u00e9 de produit pour le visage et le cou.<\/p>\n<\/div>","protected":false},"excerpt":{"rendered":"<p>URIAGE<br \/>Bari\u00e9sun\u00a0<br \/>Fluide ultra-l\u00e9ger<br \/>Toucher sec<br \/>Peaux sensibles<br \/>SPF50+ UVB + UVA\u00a0<br \/>30ml<\/p>\n<p>Ce fluide l\u00e9ger apporte une tr\u00e8s haute protection contre les UVA, les UVB et les radicaux libres.<br \/>Sa texture ultra-fluide assure une p\u00e9n\u00e9tration rapide et un fini non-gras et invisible.<\/p>","protected":false},"featured_media":23660,"template":"","meta":{"arc_restricted_post":false},"product_cat":[48,333],"product_tag":[],"_links":{"self":[{"href":"https:\/\/www.sopha-sahara.com\/en\/wp-json\/wp\/v2\/product\/23531"}],"collection":[{"href":"https:\/\/www.sopha-sahara.com\/en\/wp-json\/wp\/v2\/product"}],"about":[{"href":"https:\/\/www.sopha-sahara.com\/en\/wp-json\/wp\/v2\/types\/product"}],"wp:featuredmedia":[{"embeddable":true,"href":"https:\/\/www.sopha-sahara.com\/en\/wp-json\/wp\/v2\/media\/23660"}],"wp:attachment":[{"href":"https:\/\/www.sopha-sahara.com\/en\/wp-json\/wp\/v2\/media?parent=23531"}],"wp:term":[{"taxonomy":"product_cat","embeddable":true,"href":"https:\/\/www.sopha-sahara.com\/en\/wp-json\/wp\/v2\/product_cat?post=23531"},{"taxonomy":"product_tag","embeddable":true,"href":"https:\/\/www.sopha-sahara.com\/en\/wp-json\/wp\/v2\/product_tag?post=23531"}],"curies":[{"name":"wp","href":"https:\/\/api.w.org\/{rel}","templated":true}]}}