{"id":23530,"date":"2020-12-15T10:56:37","date_gmt":"2020-12-15T09:56:37","guid":{"rendered":"https:\/\/www.interbusinesschamber.com\/produit\/uriage-depiderm-white-tonique-200-ml\/"},"modified":"2020-12-30T10:20:58","modified_gmt":"2020-12-30T09:20:58","slug":"uriage-depiderm-white-tonique-200-ml","status":"publish","type":"product","link":"https:\/\/www.sopha-sahara.com\/en\/product\/uriage-depiderm-white-tonique-200-ml\/","title":{"rendered":"URIAGE DEPIDERM WHITE TONIQUE 200 ML"},"content":{"rendered":"","protected":false},"excerpt":{"rendered":"<p>Une lotion concentr\u00e9e en Eau Thermale d&rsquo;Uriage qui pr\u00e9pare la peau \u00e0 recevoir le soin de jour.\u00a0<br \/>Uniformise le teint\u00a0<\/p>\n<p>Gr\u00e2ce \u00e0 l&rsquo;association des vitamines C et PP et \u00e0 l&rsquo;ACTIWHITE, les taches sont moins visibles pour un teint plus unifi\u00e9 et \u00e9clatant.\u00a0<br \/>Hydrate\u00a0<\/p>\n<p>La cr\u00e9atine et l&rsquo;acide hyaluronique apportent vitalit\u00e9 et hydratation au quotidien.\u00a0<\/p>","protected":false},"featured_media":23605,"template":"","meta":{"arc_restricted_post":false},"product_cat":[48,333],"product_tag":[],"_links":{"self":[{"href":"https:\/\/www.sopha-sahara.com\/en\/wp-json\/wp\/v2\/product\/23530"}],"collection":[{"href":"https:\/\/www.sopha-sahara.com\/en\/wp-json\/wp\/v2\/product"}],"about":[{"href":"https:\/\/www.sopha-sahara.com\/en\/wp-json\/wp\/v2\/types\/product"}],"wp:featuredmedia":[{"embeddable":true,"href":"https:\/\/www.sopha-sahara.com\/en\/wp-json\/wp\/v2\/media\/23605"}],"wp:attachment":[{"href":"https:\/\/www.sopha-sahara.com\/en\/wp-json\/wp\/v2\/media?parent=23530"}],"wp:term":[{"taxonomy":"product_cat","embeddable":true,"href":"https:\/\/www.sopha-sahara.com\/en\/wp-json\/wp\/v2\/product_cat?post=23530"},{"taxonomy":"product_tag","embeddable":true,"href":"https:\/\/www.sopha-sahara.com\/en\/wp-json\/wp\/v2\/product_tag?post=23530"}],"curies":[{"name":"wp","href":"https:\/\/api.w.org\/{rel}","templated":true}]}}