{"id":23529,"date":"2020-12-15T10:56:36","date_gmt":"2020-12-15T09:56:36","guid":{"rendered":"https:\/\/www.interbusinesschamber.com\/produit\/uriage-eau-thermale-creme-gommante-corps-200ml\/"},"modified":"2020-12-30T10:46:19","modified_gmt":"2020-12-30T09:46:19","slug":"uriage-eau-thermale-creme-gommante-corps-200ml","status":"publish","type":"product","link":"https:\/\/www.sopha-sahara.com\/en\/product\/uriage-eau-thermale-creme-gommante-corps-200ml\/","title":{"rendered":"URIAGE EAU THERMALE CR\u00c8ME GOMMANTE CORPS 200ML"},"content":{"rendered":"<h4 class=\"c-product__part-title u-h3\">R\u00e9sultats<\/h4>\n<div class=\"l-grid\">\n<div class=\"l-grid__item u-1\/1@large u-1\/2@medium u-1\/2@xlarge u-1\/3@regular\">\n<div class=\"c-product__figure\">100%<\/div>\n<\/div>\n<div class=\"l-grid__item u-1\/1@large u-1\/2@medium u-1\/2@xlarge u-2\/3@regular\">\n<div class=\"c-content\">\n<p>des testeurs recommandent* :\u00a0<br \/>- Exfolie la peau en douceur\u00a0<br \/>- \u00c9limine efficacement les peaux mortes\u00a0<br \/>- Laisse une sensation de confort sur la peau<\/p>\n<p>*Test d\u2019usage sous contr\u00f4le dermatologique \u2013 20 patients.<\/p>\n<\/div>\n<\/div>\n<\/div>","protected":false},"excerpt":{"rendered":"<div class=\"c-product__intro u-intro\">\n<p>La Cr\u00e8me Gommante Corps offre une double-action exfoliante en associant Gluconolactone et micro-billes de Silice pour un gommage haute tol\u00e9rance et efficace. D\u00e9couvrez l\u2019\u00e9quilibre parfait entre plaisir et technologie de cette cr\u00e8me onctueuse effet peau neuve.<\/p>\n<\/div>\n<div class=\"c-product__description c-content\">\n<h4>Exfolie<\/h4>\n<p>Technologie exfoliante 2 en 1, chimique et m\u00e9canique permet d\u2019\u00e9liminer les cellules mortes sans agression laissant place \u00e0 une peau douce et tonifi\u00e9e.<\/p>\n<h4>Adoucit<\/h4>\n<p>Texture cr\u00e8me cocooning et parfum floral \u2013 frais assurent confort et plaisir d\u2019utilisation pour toutes les peaux, m\u00eame sensibles.<\/p>\n<h4>Hydrate<\/h4>\n<p>L\u2019Eau Thermale d\u2019Uriage contenue dans la Cr\u00e8me Gommante Corps lui conf\u00e8re un pouvoir apaisant, hydratant et protecteur.<\/p>\n<\/div>","protected":false},"featured_media":23628,"template":"","meta":{"arc_restricted_post":false},"product_cat":[48,333],"product_tag":[],"_links":{"self":[{"href":"https:\/\/www.sopha-sahara.com\/en\/wp-json\/wp\/v2\/product\/23529"}],"collection":[{"href":"https:\/\/www.sopha-sahara.com\/en\/wp-json\/wp\/v2\/product"}],"about":[{"href":"https:\/\/www.sopha-sahara.com\/en\/wp-json\/wp\/v2\/types\/product"}],"wp:featuredmedia":[{"embeddable":true,"href":"https:\/\/www.sopha-sahara.com\/en\/wp-json\/wp\/v2\/media\/23628"}],"wp:attachment":[{"href":"https:\/\/www.sopha-sahara.com\/en\/wp-json\/wp\/v2\/media?parent=23529"}],"wp:term":[{"taxonomy":"product_cat","embeddable":true,"href":"https:\/\/www.sopha-sahara.com\/en\/wp-json\/wp\/v2\/product_cat?post=23529"},{"taxonomy":"product_tag","embeddable":true,"href":"https:\/\/www.sopha-sahara.com\/en\/wp-json\/wp\/v2\/product_tag?post=23529"}],"curies":[{"name":"wp","href":"https:\/\/api.w.org\/{rel}","templated":true}]}}