{"id":23528,"date":"2020-12-15T10:56:36","date_gmt":"2020-12-15T09:56:36","guid":{"rendered":"https:\/\/www.interbusinesschamber.com\/produit\/uriage-pruriced-creme-100ml-creme-apaisante\/"},"modified":"2020-12-30T11:06:06","modified_gmt":"2020-12-30T10:06:06","slug":"uriage-pruriced-creme-100ml-creme-apaisante","status":"publish","type":"product","link":"https:\/\/www.sopha-sahara.com\/en\/product\/uriage-pruriced-creme-100ml-creme-apaisante\/","title":{"rendered":"URIAGE PRURICED CREME 100ML CR\u00c8ME APAISANTE"},"content":{"rendered":"<p><strong>Indications :<\/strong><br \/>Apaise les sensations de picotements et restaure le confort cutan\u00e9.\u00a0<br \/>Visage - Corps - Si\u00e8ge<\/p>\n<p><strong>Formule :<\/strong><br \/>Emulsion E\/H - Calamine 8% - Huile de Bourrache 0.5% - Eau thermale d'Uriage 30% -<\/p>\n<div>\u00a0<\/div>\n<p><strong>Conseils d'utilisation :<\/strong><br \/>Appliquer en mince couche en \u00e9talant doucement dur la zone concern\u00e9e<\/p>","protected":false},"excerpt":{"rendered":"<p>Cr\u00e8me sans conservateur, Non com\u00e9dog\u00e8ne et Hypoallerg\u00e9nique.<br \/>B\u00e9b\u00e9 &#8211; Enfant &#8211; Adulte<\/p>","protected":false},"featured_media":23650,"template":"","meta":{"arc_restricted_post":false},"product_cat":[48,333],"product_tag":[],"_links":{"self":[{"href":"https:\/\/www.sopha-sahara.com\/en\/wp-json\/wp\/v2\/product\/23528"}],"collection":[{"href":"https:\/\/www.sopha-sahara.com\/en\/wp-json\/wp\/v2\/product"}],"about":[{"href":"https:\/\/www.sopha-sahara.com\/en\/wp-json\/wp\/v2\/types\/product"}],"wp:featuredmedia":[{"embeddable":true,"href":"https:\/\/www.sopha-sahara.com\/en\/wp-json\/wp\/v2\/media\/23650"}],"wp:attachment":[{"href":"https:\/\/www.sopha-sahara.com\/en\/wp-json\/wp\/v2\/media?parent=23528"}],"wp:term":[{"taxonomy":"product_cat","embeddable":true,"href":"https:\/\/www.sopha-sahara.com\/en\/wp-json\/wp\/v2\/product_cat?post=23528"},{"taxonomy":"product_tag","embeddable":true,"href":"https:\/\/www.sopha-sahara.com\/en\/wp-json\/wp\/v2\/product_tag?post=23528"}],"curies":[{"name":"wp","href":"https:\/\/api.w.org\/{rel}","templated":true}]}}