{"id":23527,"date":"2020-12-15T10:56:35","date_gmt":"2020-12-15T09:56:35","guid":{"rendered":"https:\/\/www.interbusinesschamber.com\/produit\/uriage-hyseac-fluide-solaire-spf-50-50ml-haute-protection\/"},"modified":"2020-12-30T10:55:42","modified_gmt":"2020-12-30T09:55:42","slug":"uriage-hyseac-fluide-solaire-spf-50-50ml-haute-protection","status":"publish","type":"product","link":"https:\/\/www.sopha-sahara.com\/en\/product\/uriage-hyseac-fluide-solaire-spf-50-50ml-haute-protection\/","title":{"rendered":"URIAGE HYSEAC FLUIDE SOLAIRE SPF 50+ 50ML HAUTE PROTECTION"},"content":{"rendered":"<p><strong>Indications :<\/strong><br \/>Fluides Solaires Haute Protection\u00a0<br \/>Peaux mixtes \u00e0 grasses.<\/p>\n<p>&nbsp;<\/p>\n<p><strong>Formule :<\/strong><br \/>Composition : Eau Thermale d\u2019Uriage - Complexe filtrant anti UVA\/UVB \u00e9quilibr\u00e9 - S\u00e9bosomes d\u2019Epilobe \u2013 Poudres matifiantes \u2013 Phytost\u00e9rols.\u00a0<br \/>Haute tol\u00e9rance : Hypoallerg\u00e9nique, non com\u00e9dog\u00e8ne.<\/p>\n<div>\u00a0<\/div>\n<p><strong>Conseils d'utilisation :<\/strong><br \/>Avant de s\u2019exposer au soleil, appliquer une dose suffisante, homog\u00e8ne, pour bien couvrir la surface expos\u00e9e.<\/p>","protected":false},"excerpt":{"rendered":"<p>Les Fluides Solaires SPF 30 et SPF 50 Hys\u00e9ac associent une protection solaire efficace et des propri\u00e9t\u00e9s adapt\u00e9es aux peaux mixtes \u00e0 grasses. Ils offrent une protection UVA-UVB haute performance, un fort pouvoir matifiant ainsi qu\u2019une hydratation et un apaisement intenses.\u00a0<br \/>Leur texture tr\u00e8s fluide est totalement adapt\u00e9e aux peaux mixtes \u00e0 grasses.\u00a0<br \/>2 indices de protection aux choix : SPF 30 et SPF 50.\u00a0<br \/>Texture fluide.\u00a0<br \/>Non grasse.\u00a0<br \/>Invisible \u00e0 l\u2019application.<\/p>","protected":false},"featured_media":23638,"template":"","meta":{"arc_restricted_post":false},"product_cat":[48,333],"product_tag":[],"_links":{"self":[{"href":"https:\/\/www.sopha-sahara.com\/en\/wp-json\/wp\/v2\/product\/23527"}],"collection":[{"href":"https:\/\/www.sopha-sahara.com\/en\/wp-json\/wp\/v2\/product"}],"about":[{"href":"https:\/\/www.sopha-sahara.com\/en\/wp-json\/wp\/v2\/types\/product"}],"wp:featuredmedia":[{"embeddable":true,"href":"https:\/\/www.sopha-sahara.com\/en\/wp-json\/wp\/v2\/media\/23638"}],"wp:attachment":[{"href":"https:\/\/www.sopha-sahara.com\/en\/wp-json\/wp\/v2\/media?parent=23527"}],"wp:term":[{"taxonomy":"product_cat","embeddable":true,"href":"https:\/\/www.sopha-sahara.com\/en\/wp-json\/wp\/v2\/product_cat?post=23527"},{"taxonomy":"product_tag","embeddable":true,"href":"https:\/\/www.sopha-sahara.com\/en\/wp-json\/wp\/v2\/product_tag?post=23527"}],"curies":[{"name":"wp","href":"https:\/\/api.w.org\/{rel}","templated":true}]}}