{"id":23526,"date":"2020-12-15T10:56:35","date_gmt":"2020-12-15T09:56:35","guid":{"rendered":"https:\/\/www.interbusinesschamber.com\/produit\/uriage-emolliente-150ml-emulsion-ultra-riche\/"},"modified":"2020-12-30T10:52:38","modified_gmt":"2020-12-30T09:52:38","slug":"uriage-emolliente-150ml-emulsion-ultra-riche","status":"publish","type":"product","link":"https:\/\/www.sopha-sahara.com\/en\/product\/uriage-emolliente-150ml-emulsion-ultra-riche\/","title":{"rendered":"URIAGE EMOLLIENTE 150ML EMULSION ULTRA-RICHE"},"content":{"rendered":"<p><strong>Conseils d'utilisation:<\/strong><\/p>\n<p>Utiliser aussi souvent que n\u00e9cessaire sur les zones concern\u00e9e.<\/p>","protected":false},"excerpt":{"rendered":"<p>Uriage emolliente, \u00e9mulsion ultra-riche restructurante Visage &#8211; Corps \/ B\u00e9b\u00e9s &#8211; Enfansts &#8211; Adultes Peaux \u00e0 tendance atopique Peaux s\u00e8ches et tr\u00e8s s\u00e8ches, sans parfum Emulsion Restructurante pour le soin des peaux dess\u00e9ch\u00e9s.<\/p>\n<p>\u00a0Restructure l&rsquo;\u00e9piderme d\u00e9ficient, restaure sa fonction de d\u00e9fense naturelle et limite la D\u00e9shydratation. La barri\u00e8re \u00e9pidermique reconctitu\u00e9e retrouve sa fonction naturelle protectrice Contre les agressions climatiques, microbiennes et la d\u00e9shydratation. Formul\u00e9e sans parfum, sans paraben et sans huile d&rsquo;arachide, Emolliente garabtit une parfaite Tol\u00e9rance sur les \u00e9pidermes les plus sensibles.<\/p>\n<p>Gr\u00e2ce \u00e0 sa texture ultra riche, cette \u00e9mulsion s&rsquo;applique facilement.<\/p>\n<p>Les peuax s\u00e8ches Retrouvent confort, douceur et souplesse. A utiliser quotidiennement.<\/p>","protected":false},"featured_media":23634,"template":"","meta":{"arc_restricted_post":false},"product_cat":[48,333],"product_tag":[],"_links":{"self":[{"href":"https:\/\/www.sopha-sahara.com\/en\/wp-json\/wp\/v2\/product\/23526"}],"collection":[{"href":"https:\/\/www.sopha-sahara.com\/en\/wp-json\/wp\/v2\/product"}],"about":[{"href":"https:\/\/www.sopha-sahara.com\/en\/wp-json\/wp\/v2\/types\/product"}],"wp:featuredmedia":[{"embeddable":true,"href":"https:\/\/www.sopha-sahara.com\/en\/wp-json\/wp\/v2\/media\/23634"}],"wp:attachment":[{"href":"https:\/\/www.sopha-sahara.com\/en\/wp-json\/wp\/v2\/media?parent=23526"}],"wp:term":[{"taxonomy":"product_cat","embeddable":true,"href":"https:\/\/www.sopha-sahara.com\/en\/wp-json\/wp\/v2\/product_cat?post=23526"},{"taxonomy":"product_tag","embeddable":true,"href":"https:\/\/www.sopha-sahara.com\/en\/wp-json\/wp\/v2\/product_tag?post=23526"}],"curies":[{"name":"wp","href":"https:\/\/api.w.org\/{rel}","templated":true}]}}