{"id":23525,"date":"2020-12-15T10:56:34","date_gmt":"2020-12-15T09:56:34","guid":{"rendered":"https:\/\/www.interbusinesschamber.com\/produit\/uriage-hyseac-gel-nettoyant-150ml-nettoie-purifie-assainit\/"},"modified":"2020-12-30T10:56:21","modified_gmt":"2020-12-30T09:56:21","slug":"uriage-hyseac-gel-nettoyant-150ml-nettoie-purifie-assainit","status":"publish","type":"product","link":"https:\/\/www.sopha-sahara.com\/en\/product\/uriage-hyseac-gel-nettoyant-150ml-nettoie-purifie-assainit\/","title":{"rendered":"URIAGE HYSEAC GEL NETTOYANT 150ML NETTOIE &#8211; PURIFIE &#8211; ASSAINIT"},"content":{"rendered":"<p><strong>UTILISATION :<\/strong>\u00a0<\/p>\n<p>Faire mousser une noisette de gel dans les mains et masser le visage humidifi\u00e9.\u00a0<br \/>Rincer abondamment.\u00a0<br \/>A utiliser matin et soir<\/p>","protected":false},"excerpt":{"rendered":"<p>Uriage Hys\u00e9ac Gel Nettoyant est un nettoyage ultra doux qui se rince \u00e0 l&rsquo;eau.\u00a0<br \/>Nettoie efficacement. Purifie. Assainit. Haute rin\u00e7abilit\u00e9. Respecte l&rsquo;\u00e9piderme. Sans savon.Non com\u00e9dog\u00e8ne,hypoallerg\u00e9nique.\u00a0<br \/>Peaux mixtes \u00e0 grasses.\u00a0<\/p>","protected":false},"featured_media":23639,"template":"","meta":{"arc_restricted_post":false},"product_cat":[48,333],"product_tag":[],"_links":{"self":[{"href":"https:\/\/www.sopha-sahara.com\/en\/wp-json\/wp\/v2\/product\/23525"}],"collection":[{"href":"https:\/\/www.sopha-sahara.com\/en\/wp-json\/wp\/v2\/product"}],"about":[{"href":"https:\/\/www.sopha-sahara.com\/en\/wp-json\/wp\/v2\/types\/product"}],"wp:featuredmedia":[{"embeddable":true,"href":"https:\/\/www.sopha-sahara.com\/en\/wp-json\/wp\/v2\/media\/23639"}],"wp:attachment":[{"href":"https:\/\/www.sopha-sahara.com\/en\/wp-json\/wp\/v2\/media?parent=23525"}],"wp:term":[{"taxonomy":"product_cat","embeddable":true,"href":"https:\/\/www.sopha-sahara.com\/en\/wp-json\/wp\/v2\/product_cat?post=23525"},{"taxonomy":"product_tag","embeddable":true,"href":"https:\/\/www.sopha-sahara.com\/en\/wp-json\/wp\/v2\/product_tag?post=23525"}],"curies":[{"name":"wp","href":"https:\/\/api.w.org\/{rel}","templated":true}]}}