{"id":23524,"date":"2020-12-15T10:56:34","date_gmt":"2020-12-15T09:56:34","guid":{"rendered":"https:\/\/www.interbusinesschamber.com\/produit\/uriage-depiderm-spf-50-30ml-soin-de-jour-haute-protection-anti-taches-brunes\/"},"modified":"2020-12-30T10:14:38","modified_gmt":"2020-12-30T09:14:38","slug":"uriage-depiderm-spf-50-30ml-soin-de-jour-haute-protection-anti-taches-brunes","status":"publish","type":"product","link":"https:\/\/www.sopha-sahara.com\/en\/product\/uriage-depiderm-spf-50-30ml-soin-de-jour-haute-protection-anti-taches-brunes\/","title":{"rendered":"URIAGE DEPIDERM SPF 50 30ML SOIN DE JOUR HAUTE PROTECTION ANTI-TACHES BRUNES"},"content":{"rendered":"<h4>Fiche d\u00e9taill\u00e9e<\/h4>\n<div class=\"specifications\">Ce soin r\u00e9duit le risque de taches li\u00e9s aux UV gr\u00e2ce \u00e0 son complexe filtrant qui fait obstacle aux UV, facteur d\u00e9clenchant majeur des taches. Il \u00e9vite la r\u00e9apparition des taches par l\u2019action sp\u00e9cifique du complexe d\u00e9pigmentant r\u00e9gulateur du processus de pigmentation qui agit \u00e0 plusieurs niveaux. - Traitement pr\u00e9ventif des risques d\u2019hyperpigmentations li\u00e9s aux UV. - Hyperpigmentations inflammatoires post-traitements dermatologiques (laser, peeling). - Cicatrices r\u00e9centes (acn\u00e9). - Lentigos. - Visage, d\u00e9collet\u00e9, mains.<\/div>\n<h4>Conseil d'utilisation<\/h4>\n<div class=\"specifications\">Appliquer en soin quotidien le matin sur l\u2019ensemble du visage, d\u00e9collet\u00e9 et mains ou localement sur les taches. En compl\u00e9ment, Depiderm le soir. Eviter le contact avec les yeux.<\/div>\n<h4>Composition<\/h4>\n<div class=\"specifications\">Eau Thermale d\u2019Uriage - Emulsion H\/E - Filtres UVA UVB au Tinosorb M - Licorice - Nicotinamide - Vitamine C vectoris\u00e9e - Dioxyde de Titane. Haute tol\u00e9rance : Hypoallerg\u00e9nique - Non com\u00e9dog\u00e8ne.<\/div>","protected":false},"excerpt":{"rendered":"<p>Un soin \u00e0 utiliser au quotidien d\u00e8s les beaux jours. Une excellente protection anti UVA et UVB. Formule haute tol\u00e9rance. Excellente base de maquillage.<\/p>","protected":false},"featured_media":23600,"template":"","meta":{"arc_restricted_post":false},"product_cat":[48,333],"product_tag":[],"_links":{"self":[{"href":"https:\/\/www.sopha-sahara.com\/en\/wp-json\/wp\/v2\/product\/23524"}],"collection":[{"href":"https:\/\/www.sopha-sahara.com\/en\/wp-json\/wp\/v2\/product"}],"about":[{"href":"https:\/\/www.sopha-sahara.com\/en\/wp-json\/wp\/v2\/types\/product"}],"wp:featuredmedia":[{"embeddable":true,"href":"https:\/\/www.sopha-sahara.com\/en\/wp-json\/wp\/v2\/media\/23600"}],"wp:attachment":[{"href":"https:\/\/www.sopha-sahara.com\/en\/wp-json\/wp\/v2\/media?parent=23524"}],"wp:term":[{"taxonomy":"product_cat","embeddable":true,"href":"https:\/\/www.sopha-sahara.com\/en\/wp-json\/wp\/v2\/product_cat?post=23524"},{"taxonomy":"product_tag","embeddable":true,"href":"https:\/\/www.sopha-sahara.com\/en\/wp-json\/wp\/v2\/product_tag?post=23524"}],"curies":[{"name":"wp","href":"https:\/\/api.w.org\/{rel}","templated":true}]}}