{"id":23523,"date":"2020-12-15T10:56:34","date_gmt":"2020-12-15T09:56:34","guid":{"rendered":"https:\/\/www.interbusinesschamber.com\/produit\/uriage-hyseac-lotion-nettoyante-250ml-nettoie-purifie-protege-de-la-pollution\/"},"modified":"2020-12-30T10:58:07","modified_gmt":"2020-12-30T09:58:07","slug":"uriage-hyseac-lotion-nettoyante-250ml-nettoie-purifie-protege-de-la-pollution","status":"publish","type":"product","link":"https:\/\/www.sopha-sahara.com\/en\/product\/uriage-hyseac-lotion-nettoyante-250ml-nettoie-purifie-protege-de-la-pollution\/","title":{"rendered":"URIAGE HYSEAC LOTION NETTOYANTE 250ML NETTOIE &#8211; PURIFIE &#8211; PROT\u00c8GE DE LA POLLUTION"},"content":{"rendered":"<div id=\"propriete_hyseac\"><strong>Propri\u00e9t\u00e9s<\/strong><\/div>\n<div>La Lotion<span class=\"p_smallcaps\">\u00a0Nettoyante Hys\u00e9ac<\/span>\u00a0est le geste fra\u00eecheur qui \u00e9limine efficacement les impuret\u00e9s, purifie la peau et la prot\u00e8ge des agressions quotidiennes telles que la pollution. La peau est plus nette, plus fra\u00eeche et purifi\u00e9e.<\/div>\n<div>\u00a0<\/div>\n<div><strong>Atouts<\/strong><\/div>\n<div>Un produit \"2 en 1\" qui permet un nettoyage ultra-rapide et pratique, ne n\u00e9cessitant pas de rin\u00e7age.<\/div>\n<div>Un parfum tr\u00e8s agr\u00e9able.<\/div>\n<div><strong>\u00a0<\/strong><\/div>\n<div><strong>Conseils d'utilisation<\/strong><\/div>\n<div>Appliquer sur un coton et nettoyer le visage matin et soir.<\/div>\n<div>Inutile de rincer.<\/div>\n<div>\u00a0<\/div>\n<div><strong>Composition<\/strong><\/div>\n<div>Eau Thermale d\u2019Uriage - Extrait d\u2019Epilobe - Glycocolle - Complexe \"pollution protect\" - Tensio-actifs doux non ioniques.<\/div>\n<div>Sans alcool - Sans savon.<\/div>\n<div><strong>Haute tol\u00e9rance<\/strong>\u00a0: Hypoallerg\u00e9nique - Non com\u00e9dog\u00e8ne.<\/div>","protected":false},"excerpt":{"rendered":"<ul>\n<li>\n<p>Peaux mixtes \u00e0 grasses.<\/p>\n<\/li>\n<li>\n<p>Visage.<\/p>\n<\/li>\n<\/ul>","protected":false},"featured_media":23641,"template":"","meta":{"arc_restricted_post":false},"product_cat":[48,333],"product_tag":[],"_links":{"self":[{"href":"https:\/\/www.sopha-sahara.com\/en\/wp-json\/wp\/v2\/product\/23523"}],"collection":[{"href":"https:\/\/www.sopha-sahara.com\/en\/wp-json\/wp\/v2\/product"}],"about":[{"href":"https:\/\/www.sopha-sahara.com\/en\/wp-json\/wp\/v2\/types\/product"}],"wp:featuredmedia":[{"embeddable":true,"href":"https:\/\/www.sopha-sahara.com\/en\/wp-json\/wp\/v2\/media\/23641"}],"wp:attachment":[{"href":"https:\/\/www.sopha-sahara.com\/en\/wp-json\/wp\/v2\/media?parent=23523"}],"wp:term":[{"taxonomy":"product_cat","embeddable":true,"href":"https:\/\/www.sopha-sahara.com\/en\/wp-json\/wp\/v2\/product_cat?post=23523"},{"taxonomy":"product_tag","embeddable":true,"href":"https:\/\/www.sopha-sahara.com\/en\/wp-json\/wp\/v2\/product_tag?post=23523"}],"curies":[{"name":"wp","href":"https:\/\/api.w.org\/{rel}","templated":true}]}}