{"id":23522,"date":"2020-12-15T10:56:34","date_gmt":"2020-12-15T09:56:34","guid":{"rendered":"https:\/\/www.interbusinesschamber.com\/produit\/uriage-bebe-1ere-creme-minerale-spf50-50ml\/"},"modified":"2020-12-30T09:44:59","modified_gmt":"2020-12-30T08:44:59","slug":"uriage-bebe-1ere-creme-minerale-spf50-50ml","status":"publish","type":"product","link":"https:\/\/www.sopha-sahara.com\/en\/product\/uriage-bebe-1ere-creme-minerale-spf50-50ml\/","title":{"rendered":"URIAGE B\u00c9B\u00c9 1\u00c8RE CR\u00c8ME MIN\u00c9RALE SPF50+ 50ML"},"content":{"rendered":"<p><strong>Assure une tr\u00e8s haute protection<\/strong><br \/>La photoprotection sans filtres chimiques organiques, offrant une tol\u00e9rance maximale pour la peau sensible des tout-petits. Aussi, l\u2019Eau Thermale d\u2019Uriage renforce l\u2019action des vitamines C et E pour activer les transporteurs cellulaires de la vitamine C.<\/p>\n<p><strong>Hydrate intens\u00e9ment<\/strong><br \/>Les Aquaspongines\u00ae hydratent la peau intens\u00e9ment.<\/p>\n<p><strong>Conseils d'utilisation:<\/strong><\/p>\n<p>Avant toute sortie, appliquer g\u00e9n\u00e9reusement, par exemple l\u2019\u00e9quivalent d\u2019une cuill\u00e8re \u00e0 caf\u00e9 de Cr\u00e8me pour le visage et le cou, pour bien couvrir la peau. Renouveler fr\u00e9quemment l\u2019application, surtout apr\u00e8s avoir transpir\u00e9, nag\u00e9 ou s\u2019\u00eatre essuy\u00e9. M\u00eame bien prot\u00e9g\u00e9, r\u00e9duire au maximum l\u2019exposition.<\/p>","protected":false},"excerpt":{"rendered":"<p>Uriage B\u00c9B\u00c9 1\u00c8RE CR\u00c8ME MIN\u00c9RALE SPF50+ Sp\u00e9cialement con\u00e7ue pour les peaux sensibles des b\u00e9b\u00e9s, cette cr\u00e8me apporte une tr\u00e8s haute protection contre les UVA et les UVB. Ne jamais exposer les b\u00e9b\u00e9s et les jeunes enfants directement au soleil, ils doivent rester \u00e0 l\u2019ombre et \u00eatre bien prot\u00e9g\u00e9s avec des lunettes de soleil, des v\u00eatements et un chapeau.<\/p>","protected":false},"featured_media":23579,"template":"","meta":{"arc_restricted_post":false},"product_cat":[48,333],"product_tag":[],"_links":{"self":[{"href":"https:\/\/www.sopha-sahara.com\/en\/wp-json\/wp\/v2\/product\/23522"}],"collection":[{"href":"https:\/\/www.sopha-sahara.com\/en\/wp-json\/wp\/v2\/product"}],"about":[{"href":"https:\/\/www.sopha-sahara.com\/en\/wp-json\/wp\/v2\/types\/product"}],"wp:featuredmedia":[{"embeddable":true,"href":"https:\/\/www.sopha-sahara.com\/en\/wp-json\/wp\/v2\/media\/23579"}],"wp:attachment":[{"href":"https:\/\/www.sopha-sahara.com\/en\/wp-json\/wp\/v2\/media?parent=23522"}],"wp:term":[{"taxonomy":"product_cat","embeddable":true,"href":"https:\/\/www.sopha-sahara.com\/en\/wp-json\/wp\/v2\/product_cat?post=23522"},{"taxonomy":"product_tag","embeddable":true,"href":"https:\/\/www.sopha-sahara.com\/en\/wp-json\/wp\/v2\/product_tag?post=23522"}],"curies":[{"name":"wp","href":"https:\/\/api.w.org\/{rel}","templated":true}]}}