{"id":23520,"date":"2020-12-15T10:56:33","date_gmt":"2020-12-15T09:56:33","guid":{"rendered":"https:\/\/www.interbusinesschamber.com\/produit\/uriage-bebe-1ere-senteur-eau-de-soin-parfumee-50ml\/"},"modified":"2020-12-30T09:50:28","modified_gmt":"2020-12-30T08:50:28","slug":"uriage-bebe-1ere-senteur-eau-de-soin-parfumee-50ml","status":"publish","type":"product","link":"https:\/\/www.sopha-sahara.com\/en\/product\/uriage-bebe-1ere-senteur-eau-de-soin-parfumee-50ml\/","title":{"rendered":"URIAGE B\u00c9B\u00c9 1\u00c8RE SENTEUR EAU DE SOIN PARFUM\u00c9E 50ML"},"content":{"rendered":"<div class=\"product-tabs\">\n<div class=\"title-border\">\n<h4 class=\"h2\">Conseils d'utilisation<\/h4>\n<\/div>\n<div class=\"std\">\n<p>Pulv\u00e9riser une fois par jour sur les cheveux, le cou ou les v\u00eatements, pour le plaisir des petits comme des grands.<\/p>\n<\/div>\n<\/div>\n<div class=\"product-tabs\">\n<div class=\"title-border\">\n<h4 class=\"h2\">Composition<\/h4>\n<\/div>\n<div class=\"std\">\n<p>Formule INCI : aqua, uriage thermal spring water, peg-40 hydrogenated castor oil, parfum, cetrimonium bromide, polyaminopropyl biguanide, lactic acid.<\/p>\n<p><em>Sans alcool.<br \/>Sans paraben.<br \/>Hypoallerg\u00e9nique.<br \/>Eviter le contact avec les yeux<\/em><\/p>\n<\/div>\n<\/div>","protected":false},"excerpt":{"rendered":"<p>Toute la douceur et la tendresse d&rsquo;une eau fra\u00eeche, d\u00e9licatement parfum\u00e9e qui respecte parfaitement la peau fragile des tout-petits.<\/p>\n<p><em>Parfume<\/em><br \/>Enrichie en Eau Thermale d&rsquo;Uriage adoucissante et hydratante, 1\u00e8re Senteur est une eau de soin avec un parfum frais et d\u00e9licat.<\/p>","protected":false},"featured_media":23582,"template":"","meta":{"arc_restricted_post":false},"product_cat":[48,333],"product_tag":[],"_links":{"self":[{"href":"https:\/\/www.sopha-sahara.com\/en\/wp-json\/wp\/v2\/product\/23520"}],"collection":[{"href":"https:\/\/www.sopha-sahara.com\/en\/wp-json\/wp\/v2\/product"}],"about":[{"href":"https:\/\/www.sopha-sahara.com\/en\/wp-json\/wp\/v2\/types\/product"}],"wp:featuredmedia":[{"embeddable":true,"href":"https:\/\/www.sopha-sahara.com\/en\/wp-json\/wp\/v2\/media\/23582"}],"wp:attachment":[{"href":"https:\/\/www.sopha-sahara.com\/en\/wp-json\/wp\/v2\/media?parent=23520"}],"wp:term":[{"taxonomy":"product_cat","embeddable":true,"href":"https:\/\/www.sopha-sahara.com\/en\/wp-json\/wp\/v2\/product_cat?post=23520"},{"taxonomy":"product_tag","embeddable":true,"href":"https:\/\/www.sopha-sahara.com\/en\/wp-json\/wp\/v2\/product_tag?post=23520"}],"curies":[{"name":"wp","href":"https:\/\/api.w.org\/{rel}","templated":true}]}}