{"id":23519,"date":"2020-12-15T10:56:32","date_gmt":"2020-12-15T09:56:32","guid":{"rendered":"https:\/\/www.interbusinesschamber.com\/produit\/uriage-bebe-huile-lavante-visage-corps-et-cheveux-200ml\/"},"modified":"2020-12-31T10:07:27","modified_gmt":"2020-12-31T09:07:27","slug":"uriage-bebe-huile-lavante-visage-corps-et-cheveux-200ml","status":"publish","type":"product","link":"https:\/\/www.sopha-sahara.com\/en\/product\/uriage-bebe-huile-lavante-visage-corps-et-cheveux-200ml\/","title":{"rendered":"URIAGE BEBE HUILE LAVANTE VISAGE, CORPS ET CHEVEUX 200ML"},"content":{"rendered":"<h4>Nettoie<\/h4>\n<p>Sa base lavante extra-douce sans savon \u00e0 pH physiologique nettoie en douceur.<\/p>\n<h4>Renforce la barri\u00e8re cutan\u00e9e<\/h4>\n<p>L\u2019Eau Thermale d\u2019Uriage pr\u00e9sente dans la formule de ce soin, renforce la barri\u00e8re cutan\u00e9e et prot\u00e8ge les peaux les plus d\u00e9licates.<\/p>\n<h4>Prot\u00e8ge et adoucit<\/h4>\n<p>Cette huile lavante maintient une peau douce et souple.<\/p>\n<div class=\"grid widescreen-right\">\n<div class=\"container\">\n<h4>Principes actifs<\/h4>\n<\/div>\n<\/div>\n<div class=\"grid landscape-clear widescreen-reset\">\n<div class=\"container product-ingredients\">\n<ul>\n<li>Eau Thermale d\u2019Uriage<\/li>\n<li>Glyc\u00e9rine<\/li>\n<li>Agents nettoyants doux<\/li>\n<\/ul>\n<\/div>\n<\/div>\n<div class=\"grid\">\n<div class=\"container product-ingredients\">\n<ul>\n<li>Hypoallerg\u00e9nique<\/li>\n<li>Sans savon<\/li>\n<\/ul>\n<\/div>\n<\/div>","protected":false},"excerpt":{"rendered":"<p>Cette huile lavante douce, onctueuse, moussante et tr\u00e8s agr\u00e9ablement parfum\u00e9e, nettoie tout en douceur la peau d\u00e9licate de votre b\u00e9b\u00e9 et pr\u00e9serve son film hydrolipidique<\/p>","protected":false},"featured_media":23586,"template":"","meta":{"arc_restricted_post":false},"product_cat":[48,333],"product_tag":[],"_links":{"self":[{"href":"https:\/\/www.sopha-sahara.com\/en\/wp-json\/wp\/v2\/product\/23519"}],"collection":[{"href":"https:\/\/www.sopha-sahara.com\/en\/wp-json\/wp\/v2\/product"}],"about":[{"href":"https:\/\/www.sopha-sahara.com\/en\/wp-json\/wp\/v2\/types\/product"}],"wp:featuredmedia":[{"embeddable":true,"href":"https:\/\/www.sopha-sahara.com\/en\/wp-json\/wp\/v2\/media\/23586"}],"wp:attachment":[{"href":"https:\/\/www.sopha-sahara.com\/en\/wp-json\/wp\/v2\/media?parent=23519"}],"wp:term":[{"taxonomy":"product_cat","embeddable":true,"href":"https:\/\/www.sopha-sahara.com\/en\/wp-json\/wp\/v2\/product_cat?post=23519"},{"taxonomy":"product_tag","embeddable":true,"href":"https:\/\/www.sopha-sahara.com\/en\/wp-json\/wp\/v2\/product_tag?post=23519"}],"curies":[{"name":"wp","href":"https:\/\/api.w.org\/{rel}","templated":true}]}}