{"id":23518,"date":"2020-12-15T10:56:32","date_gmt":"2020-12-15T09:56:32","guid":{"rendered":"https:\/\/www.interbusinesschamber.com\/produit\/uriage-eau-thermale-masque-deau-nuit-peaux-deshydratees-50ml\/"},"modified":"2020-12-30T10:49:53","modified_gmt":"2020-12-30T09:49:53","slug":"uriage-eau-thermale-masque-deau-nuit-peaux-deshydratees-50ml","status":"publish","type":"product","link":"https:\/\/www.sopha-sahara.com\/en\/product\/uriage-eau-thermale-masque-deau-nuit-peaux-deshydratees-50ml\/","title":{"rendered":"URIAGE EAU THERMALE MASQUE D&rsquo;EAU NUIT PEAUX DESHYDRATEES 50ML"},"content":{"rendered":"<div class=\"product-tabs\">\n<div class=\"title-border\">\n<h4 class=\"h2\">Conseils d'utilisation<\/h4>\n<\/div>\n<div class=\"std\">\n<p>Appliquer en couche fine le soir sur l'ensemble du visage nettoy\u00e9.<br \/>Laisser poser toute la nuit.<br \/>Rincer au r\u00e9veil.<\/p>\n<\/div>\n<\/div>\n<div class=\"product-tabs\">\n<div class=\"title-border\">\n<h4 class=\"h2\">Composition<\/h4>\n<\/div>\n<div class=\"std\">\n<p>Formule INCI : Aqua (Water, Eau), Butylene Glycol, Dimethicone, Glycerin, 1-2-Hexanediol, Squalane, Ammonium Acryloyldimethyltaurate\/VP, Copolymer, Xylitylglucoside, Trehalose, Urea, Anhydroxylitol, Chlorphenesin, Xylitol, O-Cy-Men-5-Ol, Pentylene Glycol, Serine, Parfum (Fragrance), Sodium Hyaluronate, Glucose, Algin, Caprylyl Glycol, Disodium Phosphate, Glyceryl Polyacrylate, Pullulan, Alcohol, Leontopodium, alpinum Flower\/Leaf Extract, Potassium Phosphate, CI42090 (Blue 1), Citric Acid, Sodium Hydroxide.<\/p>\n<hr \/>\n<p><em>La liste des ingr\u00e9dients peut \u00eatre soumise \u00e0 des variations, nous vous conseillons de toujours v\u00e9rifier la liste figurant sur le produit achet\u00e9.<\/em><\/p>\n<\/div>\n<\/div>","protected":false},"excerpt":{"rendered":"<p>URIAGE<br \/>Eau thermale<br \/>Masque d&rsquo;eau nuit<br \/>Hypoallerg\u00e9nique<br \/>Peaux d\u00e9shydrat\u00e9es<br \/>Toutes peaux, m\u00eame sensibles<br \/>50ml<\/p>\n<p><em>\u00ab\u00a0Effet 8h de sommeil\u00a0\u00bb<\/em><br \/>Plonger la peau dans un v\u00e9ritable \u00ab\u00a0bain thermal\u00a0\u00bb.<br \/>La puissance hydratante de l&rsquo;Eau Thermale d&rsquo;Uriage dans un masque de nuit unique \u00e0 la texture eau-g\u00e9lifi\u00e9e ultra-l\u00e9g\u00e8re.<br \/>R\u00e9sultat : peaux \u00e9clatante &amp; hydrat\u00e9e au r\u00e9veil.<\/p>","protected":false},"featured_media":23631,"template":"","meta":{"arc_restricted_post":false},"product_cat":[48,333],"product_tag":[],"_links":{"self":[{"href":"https:\/\/www.sopha-sahara.com\/en\/wp-json\/wp\/v2\/product\/23518"}],"collection":[{"href":"https:\/\/www.sopha-sahara.com\/en\/wp-json\/wp\/v2\/product"}],"about":[{"href":"https:\/\/www.sopha-sahara.com\/en\/wp-json\/wp\/v2\/types\/product"}],"wp:featuredmedia":[{"embeddable":true,"href":"https:\/\/www.sopha-sahara.com\/en\/wp-json\/wp\/v2\/media\/23631"}],"wp:attachment":[{"href":"https:\/\/www.sopha-sahara.com\/en\/wp-json\/wp\/v2\/media?parent=23518"}],"wp:term":[{"taxonomy":"product_cat","embeddable":true,"href":"https:\/\/www.sopha-sahara.com\/en\/wp-json\/wp\/v2\/product_cat?post=23518"},{"taxonomy":"product_tag","embeddable":true,"href":"https:\/\/www.sopha-sahara.com\/en\/wp-json\/wp\/v2\/product_tag?post=23518"}],"curies":[{"name":"wp","href":"https:\/\/api.w.org\/{rel}","templated":true}]}}