{"id":23517,"date":"2020-12-15T10:56:32","date_gmt":"2020-12-15T09:56:32","guid":{"rendered":"https:\/\/www.interbusinesschamber.com\/produit\/uriage-bariederm-cica-creme-reparatrice-au-cu-zn-40ml\/"},"modified":"2020-12-30T09:24:41","modified_gmt":"2020-12-30T08:24:41","slug":"uriage-bariederm-cica-creme-reparatrice-au-cu-zn-40ml","status":"publish","type":"product","link":"https:\/\/www.sopha-sahara.com\/en\/product\/uriage-bariederm-cica-creme-reparatrice-au-cu-zn-40ml\/","title":{"rendered":"URIAGE BARI\u00c9DERM CICA-CR\u00c8ME R\u00c9PARATRICE AU CU-ZN 40ML"},"content":{"rendered":"<p><strong>CONSEILS D'UTILISATION<\/strong> :\u00a0<\/p>\n<p>Appliquer deux fois par jour sur une peau pr\u00e9alablement nettoy\u00e9e avec Bari\u00e9derm Cica-Gel Nettoyant.<\/p>","protected":false},"excerpt":{"rendered":"<p>Uriage Bari\u00e9derm Cica-cr\u00e8me R\u00e9paratrice au Cu-Zn 40ml\u00a0<\/p>\n<p>URIAGE\u00a0<br \/>Bari\u00e9derm\u00a0<br \/>Cica-cr\u00e8me r\u00e9paratrice\u00a0<br \/>Au Cu-zn\u00a0<br \/>R\u00e9pare, apaise, anti-irritations\u00a0<br \/>Vuisage et corps\u00a0<br \/>Peaux fragilis\u00e9es, irrit\u00e9es\u00a0<br \/>40ml\u00a0<\/p>","protected":false},"featured_media":23557,"template":"","meta":{"arc_restricted_post":false},"product_cat":[48,333],"product_tag":[],"_links":{"self":[{"href":"https:\/\/www.sopha-sahara.com\/en\/wp-json\/wp\/v2\/product\/23517"}],"collection":[{"href":"https:\/\/www.sopha-sahara.com\/en\/wp-json\/wp\/v2\/product"}],"about":[{"href":"https:\/\/www.sopha-sahara.com\/en\/wp-json\/wp\/v2\/types\/product"}],"wp:featuredmedia":[{"embeddable":true,"href":"https:\/\/www.sopha-sahara.com\/en\/wp-json\/wp\/v2\/media\/23557"}],"wp:attachment":[{"href":"https:\/\/www.sopha-sahara.com\/en\/wp-json\/wp\/v2\/media?parent=23517"}],"wp:term":[{"taxonomy":"product_cat","embeddable":true,"href":"https:\/\/www.sopha-sahara.com\/en\/wp-json\/wp\/v2\/product_cat?post=23517"},{"taxonomy":"product_tag","embeddable":true,"href":"https:\/\/www.sopha-sahara.com\/en\/wp-json\/wp\/v2\/product_tag?post=23517"}],"curies":[{"name":"wp","href":"https:\/\/api.w.org\/{rel}","templated":true}]}}