{"id":23516,"date":"2020-12-15T10:56:32","date_gmt":"2020-12-15T09:56:32","guid":{"rendered":"https:\/\/www.interbusinesschamber.com\/produit\/uriage-hyseac-3-regul-soin-global-40-ml\/"},"modified":"2020-12-30T10:53:30","modified_gmt":"2020-12-30T09:53:30","slug":"uriage-hyseac-3-regul-soin-global-40-ml","status":"publish","type":"product","link":"https:\/\/www.sopha-sahara.com\/en\/product\/uriage-hyseac-3-regul-soin-global-40-ml\/","title":{"rendered":"URIAGE HYSEAC 3-REGUL SOIN GLOBAL 40 ML"},"content":{"rendered":"<p><strong>CONSEILS D'UTILISATION :<\/strong><\/p>\n<p>Appliquer matin et\/ou soir sur une peau propre et s\u00e8che.<\/p>\n<p>Indication\u00a0: Soin global pour peaux grasses \u00e0 imperfections.<\/p>","protected":false},"excerpt":{"rendered":"<p>Uriage Hys\u00e9ac 3-Regul Soin Global 40 ml\u00a0est un soin global \u00e0 la texture cr\u00e8me l\u00e9g\u00e8re et fondante, pour peaux grasses \u00e0 imperfections, regroupant une innovation 3 brevets pour :<\/p>\n<ul>\n<li>limiter les boutons et les points noirs (TLR2 Regul, AHA\/BHA),<\/li>\n<li>r\u00e9duire l&rsquo;adh\u00e9sion des bact\u00e9ries et r\u00e9\u00e9quilibrer la flore cutan\u00e9e,<\/li>\n<li>limiter l&rsquo;exc\u00e8s de s\u00e9bum (licorice).<\/li>\n<\/ul>\n<p>La peau est d\u00e9barrass\u00e9e de ses imperfections, elle est \u00e9clatante et matifi\u00e9e. Le relief de la peau est plus r\u00e9gulier.<\/p>\n<p>Hypoallerg\u00e9nique. Non com\u00e9dog\u00e8ne. Riche en eau thermale d&rsquo;Uriage. Test\u00e9 sur peaux \u00e0 tendance acn\u00e9ique.<\/p>","protected":false},"featured_media":23636,"template":"","meta":{"arc_restricted_post":false},"product_cat":[48,333],"product_tag":[],"_links":{"self":[{"href":"https:\/\/www.sopha-sahara.com\/en\/wp-json\/wp\/v2\/product\/23516"}],"collection":[{"href":"https:\/\/www.sopha-sahara.com\/en\/wp-json\/wp\/v2\/product"}],"about":[{"href":"https:\/\/www.sopha-sahara.com\/en\/wp-json\/wp\/v2\/types\/product"}],"wp:featuredmedia":[{"embeddable":true,"href":"https:\/\/www.sopha-sahara.com\/en\/wp-json\/wp\/v2\/media\/23636"}],"wp:attachment":[{"href":"https:\/\/www.sopha-sahara.com\/en\/wp-json\/wp\/v2\/media?parent=23516"}],"wp:term":[{"taxonomy":"product_cat","embeddable":true,"href":"https:\/\/www.sopha-sahara.com\/en\/wp-json\/wp\/v2\/product_cat?post=23516"},{"taxonomy":"product_tag","embeddable":true,"href":"https:\/\/www.sopha-sahara.com\/en\/wp-json\/wp\/v2\/product_tag?post=23516"}],"curies":[{"name":"wp","href":"https:\/\/api.w.org\/{rel}","templated":true}]}}