{"id":23515,"date":"2020-12-15T10:56:31","date_gmt":"2020-12-15T09:56:31","guid":{"rendered":"https:\/\/www.interbusinesschamber.com\/produit\/uriage-hyseac-bi-stick-lotion-3ml-stick-1g\/"},"modified":"2020-12-30T10:54:16","modified_gmt":"2020-12-30T09:54:16","slug":"uriage-hyseac-bi-stick-lotion-3ml-stick-1g","status":"publish","type":"product","link":"https:\/\/www.sopha-sahara.com\/en\/product\/uriage-hyseac-bi-stick-lotion-3ml-stick-1g\/","title":{"rendered":"URIAGE HYSEAC BI STICK LOTION 3ML\/STICK 1G"},"content":{"rendered":"<p><strong>Atouts :<\/strong><br \/>Une utilisation simple et rapide.<br \/>Le soin indispensable \u00e0 emporter partout.<br \/>Une double action pour une peau z\u00e9ro d\u00e9faut.<\/p>\n<p>Lotion : 3ml \/ Stick : 1g<\/p>\n<p><strong>Indications :<\/strong><br \/>Imperfections localis\u00e9es.<br \/>Visage.<\/p>\n<p>&nbsp;<\/p>\n<p><strong>Formule :<\/strong><br \/>Composition :<br \/>Lotion : BHA\/AHA - Extrait de Licorice - Alcool - Eau Thermale d\u2019Uriage.<br \/>Stick : Complexe TLR2-Regul -Piroctone Olamine - Poudres soft focus.<br \/>Haute tol\u00e9rance : Hypoallerg\u00e9nique - Non com\u00e9dog\u00e8ne.<\/p>\n<div>\u00a0<\/div>\n<p><strong>Conseils d'utilisation :<\/strong><br \/>Appliquez la lotion localement et laissez s\u00e9cher quelques secondes, puis appliquez le stick sur l\u2019imperfection et estompez d\u00e9licatement.<br \/>A renouveler par petites touches jusqu\u2019\u00e0 4 fois par jour.<\/p>\n<p>Attention, pour ne pas renverser la lotion, positionnez verticalement et vers le bas la partie lotion (partie verte) et d\u00e9vissez l\u2019embout applicateur vers le haut.<\/p>","protected":false},"excerpt":{"rendered":"<p>2 actions compl\u00e9mentaires :<br \/>La lotion hydroalcoolique, enrichie en agents k\u00e9ratolytiques et anti-s\u00e9borrh\u00e9iques, ass\u00e8che l\u2019imperfection tout en l\u2019apaisant gr\u00e2ce \u00e0 l\u2019Eau Thermale d\u2019Uriage.<br \/>Le stick, compos\u00e9 de poudres soft focus, camoufle l\u2019imperfection et apporte une action apaisante et antibact\u00e9rienne gr\u00e2ce au complexe TLR2-Regul et \u00e0 l\u2019agent antibact\u00e9rien.<br \/>Le bi-stick : un double soin plein de malice !<\/p>","protected":false},"featured_media":23683,"template":"","meta":{"arc_restricted_post":false},"product_cat":[48,333],"product_tag":[],"_links":{"self":[{"href":"https:\/\/www.sopha-sahara.com\/en\/wp-json\/wp\/v2\/product\/23515"}],"collection":[{"href":"https:\/\/www.sopha-sahara.com\/en\/wp-json\/wp\/v2\/product"}],"about":[{"href":"https:\/\/www.sopha-sahara.com\/en\/wp-json\/wp\/v2\/types\/product"}],"wp:featuredmedia":[{"embeddable":true,"href":"https:\/\/www.sopha-sahara.com\/en\/wp-json\/wp\/v2\/media\/23683"}],"wp:attachment":[{"href":"https:\/\/www.sopha-sahara.com\/en\/wp-json\/wp\/v2\/media?parent=23515"}],"wp:term":[{"taxonomy":"product_cat","embeddable":true,"href":"https:\/\/www.sopha-sahara.com\/en\/wp-json\/wp\/v2\/product_cat?post=23515"},{"taxonomy":"product_tag","embeddable":true,"href":"https:\/\/www.sopha-sahara.com\/en\/wp-json\/wp\/v2\/product_tag?post=23515"}],"curies":[{"name":"wp","href":"https:\/\/api.w.org\/{rel}","templated":true}]}}