{"id":23514,"date":"2020-12-15T10:56:31","date_gmt":"2020-12-15T09:56:31","guid":{"rendered":"https:\/\/www.interbusinesschamber.com\/produit\/uriage-1er-change-prevention-et-soin-des-rougeurs-du-siege-100-ml\/"},"modified":"2020-12-29T17:44:58","modified_gmt":"2020-12-29T16:44:58","slug":"uriage-1er-change-prevention-et-soin-des-rougeurs-du-siege-100-ml","status":"publish","type":"product","link":"https:\/\/www.sopha-sahara.com\/en\/product\/uriage-1er-change-prevention-et-soin-des-rougeurs-du-siege-100-ml\/","title":{"rendered":"URIAGE 1ER CHANGE PR\u00c9VENTION ET SOIN DES ROUGEURS DU SI\u00c8GE 100 ML"},"content":{"rendered":"<p><strong>Conseil d'utilisation<\/strong><\/p>\n<ul class=\"tabbar\">\n<li class=\"current\" title=\"Conseil d'utilisation pour Uriage 1er Change Pr\u00e9vention et Soin des Rougeurs du si\u00e8ge 100 ml\">\n<div id=\"type_info_prio_6_1\">Appliquer en couche \u00e9paisse sur une peau propre et s\u00e8che apr\u00e8s chaque change.<\/div>\n<div><span class=\"bold\">Indication<\/span>\u00a0:\u00a0<span id=\"type_info_prio_6_2_1\">Nourrissons, b\u00e9b\u00e9s \/ si\u00e8ge<\/span><\/div>\n<\/li>\n<li title=\"Conseil d'utilisation pour Uriage 1er Change Pr\u00e9vention et Soin des Rougeurs du si\u00e8ge 100 ml\">\n<p><strong>Indications :<\/strong><br \/>Toilette quotidienne du nourisson et du b\u00e9b\u00e9.<br \/>Nettoyant sans rin\u00e7age pour le visage, corps et siege du b\u00e9b\u00e9.<\/p>\n<p><strong>Formule :<\/strong><br \/>Hypoallergenique,sans paraben, et sans alcool.<br \/>60% eau thermale Uriage.<br \/>Uriage thermal spring water,\u00a0<span class=\"lien_chimie\">Aqua<\/span>,\u00a0<span class=\"lien_chimie\">glycerin<\/span>,\u00a0<span class=\"lien_chimie\">benzyl alcohol<\/span>, poloxamer 184,\u00a0<span class=\"lien_chimie\">PPG-26 buteth-26<\/span>,\u00a0<span class=\"lien_chimie\">PEG-80 glyceryl cocoate<\/span>, PEG-40\u00a0<span class=\"lien_chimie\">hydrogenated castor oil<\/span>, polyaminopropyl biguanide, fragance,\u00a0<span class=\"lien_chimie\">citric acid<\/span>, Aloe barbadensis.<\/p>\n<div>\u00a0<\/div>\n<p><span class=\"H4_titrecourant\"><strong>Conseils d'utilisation<\/strong>\u00a0:<\/span><br \/>Nettoie d\u00e9licatement et \u00e9limine les salissures.<br \/>S'applique avec un coton.<\/p>\n<\/li>\n<\/ul>","protected":false},"excerpt":{"rendered":"<p><strong>Uriage 1er Change Pr\u00e9vention et Soin des Rougeurs du si\u00e8ge 100 ml<\/strong>\u00a0est un soin quotidien sp\u00e9cialement formul\u00e9 pour pr\u00e9venir les rougeurs et r\u00e9parer l&rsquo;\u00e9piderme fessier fragilis\u00e9.<\/p>\n<p>En effet, ce fluide riche en eau thermale d&rsquo;Uriage, calme les rougeurs et soulage les sensations d&rsquo;inconfort gr\u00e2ce \u00e0 sa formule enrichie en complexe brevet\u00e9 Poly-2p qui aide \u00e0 isoler l&rsquo;\u00e9piderme en surface.<br \/>Sans effet occlusif, invisible et non gras, ce soin favorise la r\u00e9paration de l&rsquo;\u00e9piderme en profondeur et s&rsquo;\u00e9limine facilement au change suivant pour plus de confort et d&rsquo;hygi\u00e8ne.<\/p>\n<p>Produit sans parfum, sans parab\u00e8ne, hypoallerg\u00e9nique et non com\u00e9dog\u00e8ne<\/p>","protected":false},"featured_media":23547,"template":"","meta":{"arc_restricted_post":false},"product_cat":[48,333],"product_tag":[],"_links":{"self":[{"href":"https:\/\/www.sopha-sahara.com\/en\/wp-json\/wp\/v2\/product\/23514"}],"collection":[{"href":"https:\/\/www.sopha-sahara.com\/en\/wp-json\/wp\/v2\/product"}],"about":[{"href":"https:\/\/www.sopha-sahara.com\/en\/wp-json\/wp\/v2\/types\/product"}],"wp:featuredmedia":[{"embeddable":true,"href":"https:\/\/www.sopha-sahara.com\/en\/wp-json\/wp\/v2\/media\/23547"}],"wp:attachment":[{"href":"https:\/\/www.sopha-sahara.com\/en\/wp-json\/wp\/v2\/media?parent=23514"}],"wp:term":[{"taxonomy":"product_cat","embeddable":true,"href":"https:\/\/www.sopha-sahara.com\/en\/wp-json\/wp\/v2\/product_cat?post=23514"},{"taxonomy":"product_tag","embeddable":true,"href":"https:\/\/www.sopha-sahara.com\/en\/wp-json\/wp\/v2\/product_tag?post=23514"}],"curies":[{"name":"wp","href":"https:\/\/api.w.org\/{rel}","templated":true}]}}