{"id":23513,"date":"2020-12-15T10:56:31","date_gmt":"2020-12-15T09:56:31","guid":{"rendered":"https:\/\/www.interbusinesschamber.com\/produit\/uriage-xemose-syndet-200ml\/"},"modified":"2020-12-30T11:24:33","modified_gmt":"2020-12-30T10:24:33","slug":"uriage-xemose-syndet-200ml","status":"publish","type":"product","link":"https:\/\/www.sopha-sahara.com\/en\/product\/uriage-xemose-syndet-200ml\/","title":{"rendered":"URIAGE XEMOSE SYNDET 200ML"},"content":{"rendered":"<p><strong>INDICATION:<\/strong>\u00a0<br \/>Utilisation quotidienne\u00a0<br \/>Pour le visage et le corps des b\u00e9b\u00e9s, des enfants et des adultes.\u00a0<\/p>\n<p><strong>UTILISATION:<\/strong>\u00a0<br \/>Faire mousser une noisette de Xemose Syndet et appliquer sur la peau pr\u00e9alablement mouill\u00e9e. Rincer. S\u00e9cher d\u00e9licatement.<\/p>","protected":false},"excerpt":{"rendered":"<p>Uriage Xemose Syndet Nettoyant Doux gel-cr\u00e8me nettoyant tr\u00e8s doux sp\u00e9cifiquement con\u00e7u pour les peaux tr\u00e8s s\u00e8ches ou \u00e0 tendance atopique avec ou sans irritations. L&rsquo;eau thermale d&rsquo;Uriage, naturellement riche en sels min\u00e9raux et oligo-\u00e9l\u00e9ments, le Cerasterol-2F et des agents surgraissants pr\u00e9servent de l&rsquo;effet dess\u00e9chant de l&rsquo;eau gr\u00e2ce \u00e0 leurs propri\u00e9t\u00e9s hydratantes et apaisantes.\u00a0<br \/>Xemose Syndet laisse la peau douce et souple, sans tiraillement.\u00a0<\/p>","protected":false},"featured_media":23672,"template":"","meta":{"arc_restricted_post":false},"product_cat":[48,333],"product_tag":[],"_links":{"self":[{"href":"https:\/\/www.sopha-sahara.com\/en\/wp-json\/wp\/v2\/product\/23513"}],"collection":[{"href":"https:\/\/www.sopha-sahara.com\/en\/wp-json\/wp\/v2\/product"}],"about":[{"href":"https:\/\/www.sopha-sahara.com\/en\/wp-json\/wp\/v2\/types\/product"}],"wp:featuredmedia":[{"embeddable":true,"href":"https:\/\/www.sopha-sahara.com\/en\/wp-json\/wp\/v2\/media\/23672"}],"wp:attachment":[{"href":"https:\/\/www.sopha-sahara.com\/en\/wp-json\/wp\/v2\/media?parent=23513"}],"wp:term":[{"taxonomy":"product_cat","embeddable":true,"href":"https:\/\/www.sopha-sahara.com\/en\/wp-json\/wp\/v2\/product_cat?post=23513"},{"taxonomy":"product_tag","embeddable":true,"href":"https:\/\/www.sopha-sahara.com\/en\/wp-json\/wp\/v2\/product_tag?post=23513"}],"curies":[{"name":"wp","href":"https:\/\/api.w.org\/{rel}","templated":true}]}}