{"id":23512,"date":"2020-12-15T10:56:30","date_gmt":"2020-12-15T09:56:30","guid":{"rendered":"https:\/\/www.interbusinesschamber.com\/produit\/uriage-xemose-huile-nettoyante-apaisante-400ml\/"},"modified":"2020-12-30T11:23:40","modified_gmt":"2020-12-30T10:23:40","slug":"uriage-xemose-huile-nettoyante-apaisante-400ml","status":"publish","type":"product","link":"https:\/\/www.sopha-sahara.com\/en\/product\/uriage-xemose-huile-nettoyante-apaisante-400ml\/","title":{"rendered":"URIAGE X\u00c9MOSE HUILE NETTOYANTE APAISANTE 400ML"},"content":{"rendered":"<p><strong>Conseils d'utilisation:<\/strong><br \/>En usage quotidien, pour la douche ou le bain, \u00e9mulsionner une dose de X\u00c9MOSE Huile Nettoyante par de l\u00e9gers massages sur une peau mouill\u00e9e. Rincer et s\u00e9cher sans frotter.<\/p>","protected":false},"excerpt":{"rendered":"<p>Uriage X\u00e9mose Huile Nettoyante Apaisante nettoie apaise adoucit et prot\u00e8ge les peaux s\u00e8ches \u00e0 tr\u00e8s s\u00e8ches et les peaux \u00e0 tendances atopiques de toute la famille.\u00a0<\/p>\n<p>X\u00c9MOSE Gel-Huile Nettoyante Apaisante est un nettoyant ultra-doux sp\u00e9cifiquement formul\u00e9 pour la toilette des peaux s\u00e8ches \u00e0 tr\u00e8s s\u00e8ches irrit\u00e9es et dess\u00e9ch\u00e9es par les eaux calcaires.\u00a0<\/p>\n<p>Nettoie et hydrate\u00a0<br \/>Elle nettoie tout en douceur. Gr\u00e2ce \u00e0 sa texture gel-huile unique, elle d\u00e9pose un film protecteur hydratant sur la peau.\u00a0<\/p>\n<p>Prot\u00e8ge\u00a0<br \/>Elle prot\u00e8ge des effets dess\u00e9chants de l\u2019eau calcaire et redonne du confort \u00e0 la peau gr\u00e2ce \u00e0 ses agents doux surgraissants associ\u00e9s au complexe brevet\u00e9 Cerasterol-2F.\u00a0<\/p>\n<p>Apaise\u00a0<br \/>Elle apaise les sensations d\u2019inconfort et r\u00e9duit l\u2019incitation au grattage gr\u00e2ce \u00e0 l\u2019Eau Thermale d\u2019Uriage, naturellement riche en sel min\u00e9raux et oligo-\u00e9l\u00e9ments.\u00a0<\/p>","protected":false},"featured_media":23670,"template":"","meta":{"arc_restricted_post":false},"product_cat":[48,333],"product_tag":[],"_links":{"self":[{"href":"https:\/\/www.sopha-sahara.com\/en\/wp-json\/wp\/v2\/product\/23512"}],"collection":[{"href":"https:\/\/www.sopha-sahara.com\/en\/wp-json\/wp\/v2\/product"}],"about":[{"href":"https:\/\/www.sopha-sahara.com\/en\/wp-json\/wp\/v2\/types\/product"}],"wp:featuredmedia":[{"embeddable":true,"href":"https:\/\/www.sopha-sahara.com\/en\/wp-json\/wp\/v2\/media\/23670"}],"wp:attachment":[{"href":"https:\/\/www.sopha-sahara.com\/en\/wp-json\/wp\/v2\/media?parent=23512"}],"wp:term":[{"taxonomy":"product_cat","embeddable":true,"href":"https:\/\/www.sopha-sahara.com\/en\/wp-json\/wp\/v2\/product_cat?post=23512"},{"taxonomy":"product_tag","embeddable":true,"href":"https:\/\/www.sopha-sahara.com\/en\/wp-json\/wp\/v2\/product_tag?post=23512"}],"curies":[{"name":"wp","href":"https:\/\/api.w.org\/{rel}","templated":true}]}}