{"id":23511,"date":"2020-12-15T10:56:30","date_gmt":"2020-12-15T09:56:30","guid":{"rendered":"https:\/\/www.interbusinesschamber.com\/produit\/uriage-pruriced-gel-100ml-gel-apaisant\/"},"modified":"2020-12-30T11:06:47","modified_gmt":"2020-12-30T10:06:47","slug":"uriage-pruriced-gel-100ml-gel-apaisant","status":"publish","type":"product","link":"https:\/\/www.sopha-sahara.com\/en\/product\/uriage-pruriced-gel-100ml-gel-apaisant\/","title":{"rendered":"URIAGE PRURICED GEL 100ML GEL APAISANT"},"content":{"rendered":"<div id=\"product_info_desc\">\n<h4><strong>Propri\u00e9t\u00e9s<\/strong><\/h4>\n<p>Le Gel PRURICED contient :<\/p>\n<ul>\n<li><strong>De la Calamine<\/strong>\n<ul>\n<li>Elle va dans les quelques minutes qui suivent l'application procurer apaisement de la zone concern\u00e9e.<\/li>\n<\/ul>\n<\/li>\n<li><strong>Du Glycocolle<\/strong>\n<ul>\n<li>Il permet aussi de calmer les sensations d'inconfort.<\/li>\n<\/ul>\n<\/li>\n<li><strong>De l'Eau Thermale d'Uriage<\/strong>\n<ul>\n<li>Elle intensifie le soulagement gr\u00e2ce \u00e0 ses propri\u00e9t\u00e9s apaisantes exceptionnelles.<\/li>\n<\/ul>\n<\/li>\n<\/ul>\n<\/div>\n<div id=\"product_info_desc\">\n<h4>R\u00e9sultats<\/h4>\n<p>Les zones de votre corps sujettes aux picotements et d\u00e9mangeaisons sont soulag\u00e9es imm\u00e9diatement.<\/p><\/div>\n<div id=\"product_info_desc\">\n<h4>Conseils D'utilisation<\/h4>\n<p>Appliquez en fine couche sur les zones concern\u00e9es aussi souvent que n\u00e9cessaire.<\/p><\/div>","protected":false},"excerpt":{"rendered":"<p>Les zones pileuses ou les plis cutan\u00e9s sont souvent des zones o\u00f9 la peau n&rsquo;est pas bien a\u00e9r\u00e9e et peut entra\u00eener des mac\u00e9rations ou des \u00e9chauffements de la peau. Il en r\u00e9sulte rapidement des d\u00e9mangeaisons d\u00e9sagr\u00e9ables. Les Laboratoires URIAGE mettent \u00e0 votre disposition un Gel Apaisant : PRURICED GEL.<\/p>","protected":false},"featured_media":23651,"template":"","meta":{"arc_restricted_post":false},"product_cat":[48,333],"product_tag":[],"_links":{"self":[{"href":"https:\/\/www.sopha-sahara.com\/en\/wp-json\/wp\/v2\/product\/23511"}],"collection":[{"href":"https:\/\/www.sopha-sahara.com\/en\/wp-json\/wp\/v2\/product"}],"about":[{"href":"https:\/\/www.sopha-sahara.com\/en\/wp-json\/wp\/v2\/types\/product"}],"wp:featuredmedia":[{"embeddable":true,"href":"https:\/\/www.sopha-sahara.com\/en\/wp-json\/wp\/v2\/media\/23651"}],"wp:attachment":[{"href":"https:\/\/www.sopha-sahara.com\/en\/wp-json\/wp\/v2\/media?parent=23511"}],"wp:term":[{"taxonomy":"product_cat","embeddable":true,"href":"https:\/\/www.sopha-sahara.com\/en\/wp-json\/wp\/v2\/product_cat?post=23511"},{"taxonomy":"product_tag","embeddable":true,"href":"https:\/\/www.sopha-sahara.com\/en\/wp-json\/wp\/v2\/product_tag?post=23511"}],"curies":[{"name":"wp","href":"https:\/\/api.w.org\/{rel}","templated":true}]}}