{"id":23510,"date":"2020-12-15T10:56:29","date_gmt":"2020-12-15T09:56:29","guid":{"rendered":"https:\/\/www.interbusinesschamber.com\/produit\/uriage-creme-solaire-extreme-spf-90-50ml-fluide-invisible\/"},"modified":"2020-12-30T10:01:31","modified_gmt":"2020-12-30T09:01:31","slug":"uriage-creme-solaire-extreme-spf-90-50ml-fluide-invisible","status":"publish","type":"product","link":"https:\/\/www.sopha-sahara.com\/en\/product\/uriage-creme-solaire-extreme-spf-90-50ml-fluide-invisible\/","title":{"rendered":"URIAGE CREME SOLAIRE EXTREME SPF 90+ 50ML FLUIDE INVISIBLE"},"content":{"rendered":"<p><strong>INDICATION:<\/strong>\u00a0<\/p>\n<p>- Peaux pour lesquelles le soleil est d\u00e9conseill\u00e9 : Vitiligo, Post-acte esth\u00e9tique, cicatrices....\u00a0<br \/>- Phototypes tr\u00e8s clairs\u00a0<\/p>\n<p>Propri\u00e9t\u00e9s : La cr\u00e8me Extr\u00eame SPF 90 prot\u00e8ge l'int\u00e9grit\u00e9 des peaux intol\u00e9rantes au soleil gr\u00e2ce \u00e0 une triple action exclusive :\u00a0<br \/>- Contre les UV : La photoprotection anti-UVA-UVB \u00e9quilibr\u00e9e et photostable lutte activemnt contre les m\u00e9faits du soleil.\u00a0<br \/>- Contre le dess\u00e8chement cutan\u00e9 : Emulsion E\/H tr\u00e8s filmog\u00e8ne, son pouvoir \u00e9mollient assure une hydratation* cutan\u00e9e durable.\u00a0<br \/>- Contre les radicaux libres : L'eau thermale d'Uriage anti-radicalaire renforce les d\u00e9fenses naturelles de la peau.\u00a0<\/p>\n<p><strong>UTILISATION:\u00a0<\/strong><\/p>\n<p>Appliquer uniform\u00e9ment avant toute exposition au soleil. Renouveler toutes les 2 heures et syst\u00e9matiquement apr\u00e8s un bain.<\/p>","protected":false},"excerpt":{"rendered":"<p>Uriage Cr\u00e8me Extr\u00eame SPF 90 Peaux Intol\u00e9rantes au Soleil\u00a0<br \/>Ensoleillement Intense\u00a0<\/p>","protected":false},"featured_media":23591,"template":"","meta":{"arc_restricted_post":false},"product_cat":[48,333],"product_tag":[],"_links":{"self":[{"href":"https:\/\/www.sopha-sahara.com\/en\/wp-json\/wp\/v2\/product\/23510"}],"collection":[{"href":"https:\/\/www.sopha-sahara.com\/en\/wp-json\/wp\/v2\/product"}],"about":[{"href":"https:\/\/www.sopha-sahara.com\/en\/wp-json\/wp\/v2\/types\/product"}],"wp:featuredmedia":[{"embeddable":true,"href":"https:\/\/www.sopha-sahara.com\/en\/wp-json\/wp\/v2\/media\/23591"}],"wp:attachment":[{"href":"https:\/\/www.sopha-sahara.com\/en\/wp-json\/wp\/v2\/media?parent=23510"}],"wp:term":[{"taxonomy":"product_cat","embeddable":true,"href":"https:\/\/www.sopha-sahara.com\/en\/wp-json\/wp\/v2\/product_cat?post=23510"},{"taxonomy":"product_tag","embeddable":true,"href":"https:\/\/www.sopha-sahara.com\/en\/wp-json\/wp\/v2\/product_tag?post=23510"}],"curies":[{"name":"wp","href":"https:\/\/api.w.org\/{rel}","templated":true}]}}