{"id":23509,"date":"2020-12-15T10:56:27","date_gmt":"2020-12-15T09:56:27","guid":{"rendered":"https:\/\/www.interbusinesschamber.com\/produit\/uriage-bariesun-creme-sans-parfum-spf-50-50ml-tres-haute-protection\/"},"modified":"2020-12-30T09:35:24","modified_gmt":"2020-12-30T08:35:24","slug":"uriage-bariesun-creme-sans-parfum-spf-50-50ml-tres-haute-protection","status":"publish","type":"product","link":"https:\/\/www.sopha-sahara.com\/en\/product\/uriage-bariesun-creme-sans-parfum-spf-50-50ml-tres-haute-protection\/","title":{"rendered":"URIAGE BARIESUN CREME SANS PARFUM SPF 50+ 50ML TR\u00c8S HAUTE PROTECTION"},"content":{"rendered":"<p><span class=\"H4_titrecourant\"><strong>Indications<\/strong>\u00a0:<\/span><br \/>Visage\u00a0<br \/>Phototypes clairs, ensoleillement intense.<\/p>\n<p><span class=\"H4_titrecourant\"><strong>Formule<\/strong>\u00a0:<\/span><br \/>Composition : Complexe filtrant anti UVA-UVB au Tinosorb M - Eau Thermale d\u2019Uriage - Aquaspongines\u00ae - Vitamine C stabilis\u00e9e - Vitamine E.<br \/>Sans octocryl\u00e8ne - Sans cinnamates - Sans paraben - Sans alcool.\u00a0<br \/>Haute tol\u00e9rance : Hypoallerg\u00e9niques - Non com\u00e9dog\u00e8nes.\u00a0<br \/>Sans parfum<\/p>\n<p><span class=\"H4_titrecourant\"><strong>Conseils d'utilisation<\/strong>\u00a0:<\/span><br \/>Appliquer en quantit\u00e9 g\u00e9n\u00e9reuse et homog\u00e8ne avant toute exposition au soleil.<br \/>Renouveler fr\u00e9quemment et syst\u00e9matiquement apr\u00e8s un bain, un effort physique...<\/p>","protected":false},"excerpt":{"rendered":"<p>Enrichis en Eau Thermale d\u2019Uriage, BARI\u00c9SUN Cr\u00e8me SPF50+ sans parfum assure une tr\u00e8s haute protection solaire gr\u00e2ce \u00e0 un nouveau complexe filtrant tr\u00e8s performant. V\u00e9ritable prouesse technologique, ce nouveau complexe photoprotecteur associe seulement 3 filtres anti UVA et UVB qui agissent en totale synergie et sont renforc\u00e9s par des \u00e9mollients photostabilisateurs.<\/p>\n<p>Atouts :<br \/>\u25a0Hydratant et protecteur.<br \/>\u25a0Texture tr\u00e8s fluide et non grasse.\u00a0<br \/>\u25a0Invisible apr\u00e8s application.\u00a0<br \/>\u25a0R\u00e9sistant \u00e0 l\u2019eau et \u00e0 la sueur.<br \/>\u25a0Sans parfum.<\/p>\n<p>BARI\u00c9SUN Cr\u00e8me sans parfum SPF50+ Tube 50ml<\/p>","protected":false},"featured_media":23567,"template":"","meta":{"arc_restricted_post":false},"product_cat":[48,333],"product_tag":[],"_links":{"self":[{"href":"https:\/\/www.sopha-sahara.com\/en\/wp-json\/wp\/v2\/product\/23509"}],"collection":[{"href":"https:\/\/www.sopha-sahara.com\/en\/wp-json\/wp\/v2\/product"}],"about":[{"href":"https:\/\/www.sopha-sahara.com\/en\/wp-json\/wp\/v2\/types\/product"}],"wp:featuredmedia":[{"embeddable":true,"href":"https:\/\/www.sopha-sahara.com\/en\/wp-json\/wp\/v2\/media\/23567"}],"wp:attachment":[{"href":"https:\/\/www.sopha-sahara.com\/en\/wp-json\/wp\/v2\/media?parent=23509"}],"wp:term":[{"taxonomy":"product_cat","embeddable":true,"href":"https:\/\/www.sopha-sahara.com\/en\/wp-json\/wp\/v2\/product_cat?post=23509"},{"taxonomy":"product_tag","embeddable":true,"href":"https:\/\/www.sopha-sahara.com\/en\/wp-json\/wp\/v2\/product_tag?post=23509"}],"curies":[{"name":"wp","href":"https:\/\/api.w.org\/{rel}","templated":true}]}}