{"id":23507,"date":"2020-12-15T10:56:26","date_gmt":"2020-12-15T09:56:26","guid":{"rendered":"https:\/\/www.interbusinesschamber.com\/produit\/uriage-surgras-liquide-dermatologique-400ml-gel-nettoyant-moussant-sans-savon\/"},"modified":"2020-12-30T11:17:24","modified_gmt":"2020-12-30T10:17:24","slug":"uriage-surgras-liquide-dermatologique-400ml-gel-nettoyant-moussant-sans-savon","status":"publish","type":"product","link":"https:\/\/www.sopha-sahara.com\/en\/product\/uriage-surgras-liquide-dermatologique-400ml-gel-nettoyant-moussant-sans-savon\/","title":{"rendered":"URIAGE SURGRAS LIQUIDE DERMATOLOGIQUE 400ML GEL NETTOYANT MOUSSANT SANS SAVON"},"content":{"rendered":"<p><strong>Indications :<\/strong><br \/>Gel moussant doux sans savon - sans paraben pour peaux sensibles.<br \/>Utilisation quotidienne sur Corps - Visage - Cuir chevelu.<br \/>Adultes - Enfants - B\u00e9b\u00e9s.<\/p>\n<p>&nbsp;<\/p>\n<p><strong>Formule :<\/strong><br \/>Tensio-actifs anioniques, non ioniques; amphot\u00e8res.<br \/>Agents surgraissants et hydratants.<br \/>Eau Thermale d'Uriage 30%<\/p>\n<p>&nbsp;<\/p>\n<p><strong>Conseils d'utilisation :<\/strong><br \/>Faire mousser. Rincer apr\u00e8s usage.<\/p>","protected":false},"excerpt":{"rendered":"<p>Produit d&rsquo;hygi\u00e8ne universel haute tol\u00e9rance, PH physiologique.<br \/>Hygiene quotidienne des peaux sensibles.\u00a0<br \/>Le Surgras Liquide Dermatologique d&rsquo;uriage respecte le film hydrolipidique cutan\u00e9 gr\u00e2ce \u00e0 sa base lavante douce enrichie en agents surgraissants et hydratants.<\/p>","protected":false},"featured_media":23662,"template":"","meta":{"arc_restricted_post":false},"product_cat":[48,333],"product_tag":[],"_links":{"self":[{"href":"https:\/\/www.sopha-sahara.com\/en\/wp-json\/wp\/v2\/product\/23507"}],"collection":[{"href":"https:\/\/www.sopha-sahara.com\/en\/wp-json\/wp\/v2\/product"}],"about":[{"href":"https:\/\/www.sopha-sahara.com\/en\/wp-json\/wp\/v2\/types\/product"}],"wp:featuredmedia":[{"embeddable":true,"href":"https:\/\/www.sopha-sahara.com\/en\/wp-json\/wp\/v2\/media\/23662"}],"wp:attachment":[{"href":"https:\/\/www.sopha-sahara.com\/en\/wp-json\/wp\/v2\/media?parent=23507"}],"wp:term":[{"taxonomy":"product_cat","embeddable":true,"href":"https:\/\/www.sopha-sahara.com\/en\/wp-json\/wp\/v2\/product_cat?post=23507"},{"taxonomy":"product_tag","embeddable":true,"href":"https:\/\/www.sopha-sahara.com\/en\/wp-json\/wp\/v2\/product_tag?post=23507"}],"curies":[{"name":"wp","href":"https:\/\/api.w.org\/{rel}","templated":true}]}}