{"id":23505,"date":"2020-12-15T10:56:26","date_gmt":"2020-12-15T09:56:26","guid":{"rendered":"https:\/\/www.interbusinesschamber.com\/produit\/uriage-xemose-creme-universelle-emolliente-200ml-peaux-tres-seches\/"},"modified":"2020-12-30T11:22:27","modified_gmt":"2020-12-30T10:22:27","slug":"uriage-xemose-creme-universelle-emolliente-200ml-peaux-tres-seches","status":"publish","type":"product","link":"https:\/\/www.sopha-sahara.com\/en\/product\/uriage-xemose-creme-universelle-emolliente-200ml-peaux-tres-seches\/","title":{"rendered":"URIAGE XEMOSE CREME UNIVERSELLE EMOLLIENTE 200ML PEAUX TR\u00c8S S\u00c8CHES"},"content":{"rendered":"<p><strong>Atouts :<\/strong><br \/>Excellente tol\u00e9rance.<br \/>Efficacit\u00e9 prouv\u00e9e.<br \/>Texture adapt\u00e9e : p\u00e9n\u00e9tration rapide, douceur \u00e0 l\u2019application, ne colle pas.<br \/>Conditionnement pratique en flacon pompe.<br \/>Sans parfum \u2013 Sans paraben \u2013 Sans conservateur.<\/p>\n<p>&nbsp;<\/p>\n<p><strong>Indications :<\/strong><br \/>Peaux tr\u00e8s s\u00e8ches de toutes natures.<br \/>Peaux \u00e0 tendance atopique.<br \/>B\u00e9b\u00e9s, enfants, adultes.<br \/>Visage et corps.<\/p>\n<p>&nbsp;<\/p>\n<p><strong>Conseils d'utilisation :<\/strong><br \/>Utiliser quotidiennement sur une peau propre.<\/p>","protected":false},"excerpt":{"rendered":"<p>X\u00e9mose Cr\u00e8me Emolliente Universelle<\/p>\n<p>X\u00e9mose Cr\u00e8me Emolliente Universelle b\u00e9n\u00e9ficie de la derni\u00e8re d\u00e9couverte brevet\u00e9e des Laboratoires Dermatologiques d\u2019Uriage, le Cerasterol-2F qui restaure, renforce durablement la barri\u00e8re cutan\u00e9e et apaise les irritations des peaux les plus s\u00e8ches.\u00a0<br \/>Son association \u00e0 l\u2019Eau Thermale d\u2019Uriage offre hydratation, apaisement et protection renforc\u00e9s.<\/p>","protected":false},"featured_media":23668,"template":"","meta":{"arc_restricted_post":false},"product_cat":[48,333],"product_tag":[],"_links":{"self":[{"href":"https:\/\/www.sopha-sahara.com\/en\/wp-json\/wp\/v2\/product\/23505"}],"collection":[{"href":"https:\/\/www.sopha-sahara.com\/en\/wp-json\/wp\/v2\/product"}],"about":[{"href":"https:\/\/www.sopha-sahara.com\/en\/wp-json\/wp\/v2\/types\/product"}],"wp:featuredmedia":[{"embeddable":true,"href":"https:\/\/www.sopha-sahara.com\/en\/wp-json\/wp\/v2\/media\/23668"}],"wp:attachment":[{"href":"https:\/\/www.sopha-sahara.com\/en\/wp-json\/wp\/v2\/media?parent=23505"}],"wp:term":[{"taxonomy":"product_cat","embeddable":true,"href":"https:\/\/www.sopha-sahara.com\/en\/wp-json\/wp\/v2\/product_cat?post=23505"},{"taxonomy":"product_tag","embeddable":true,"href":"https:\/\/www.sopha-sahara.com\/en\/wp-json\/wp\/v2\/product_tag?post=23505"}],"curies":[{"name":"wp","href":"https:\/\/api.w.org\/{rel}","templated":true}]}}