{"id":23504,"date":"2020-12-15T10:56:25","date_gmt":"2020-12-15T09:56:25","guid":{"rendered":"https:\/\/www.interbusinesschamber.com\/produit\/uriage-xemose-cerat-200ml-peaux-seches\/"},"modified":"2020-12-30T11:21:18","modified_gmt":"2020-12-30T10:21:18","slug":"uriage-xemose-cerat-200ml-peaux-seches","status":"publish","type":"product","link":"https:\/\/www.sopha-sahara.com\/en\/product\/uriage-xemose-cerat-200ml-peaux-seches\/","title":{"rendered":"URIAGE XEMOSE CERAT 200ML PEAUX S\u00c8CHES"},"content":{"rendered":"<p><strong>Atouts :<\/strong><br \/>Gal\u00e9nique unique : c\u00e9rat, une gal\u00e9nique ancestrale totalement modernis\u00e9e pour un confort extr\u00eame.<br \/>Formule unique : Eau Thermale d\u2019Uriage + Cerasterol-2F\u00ae + Beurre de karit\u00e9.<br \/>Une pr\u00e9sentation en pot qui permet de b\u00e9n\u00e9ficier de la texture la plus onctueuse et la plus confortable possible.<br \/>Sans parfum \u2013 Sans paraben.<\/p>\n<p>&nbsp;<\/p>\n<p><strong>Indications :<\/strong><br \/>Peaux extr\u00eamement s\u00e8ches.<br \/>Peaux \u00e0 tendance atopique, ichtyosique, psoriasique.<br \/>B\u00e9b\u00e9s, enfants, adultes.<br \/>Visage et corps.<\/p>\n<p>&nbsp;<\/p>\n<p><strong>Conseils d'utilisation :<\/strong><br \/>Utiliser quotidiennement sur une peau propre.<\/p>","protected":false},"excerpt":{"rendered":"<p>D\u2019une texture ultra-onctueuse et confortable, ce c\u00e9rat nourrit et lisse les peaux extr\u00eamement s\u00e8ches.\u00a0<br \/>Il restaure et renforce la barri\u00e8re cutan\u00e9e et apaise les irritations gr\u00e2ce \u00e0 l\u2019Eau Thermale d\u2019Uriage et au Cerasterol-2F\u00ae.<br \/>Il s\u2019\u00e9tale facilement et laisse un film doux, \u00e9mollient et protecteur.\u00a0<\/p>","protected":false},"featured_media":23666,"template":"","meta":{"arc_restricted_post":false},"product_cat":[48,333],"product_tag":[],"_links":{"self":[{"href":"https:\/\/www.sopha-sahara.com\/en\/wp-json\/wp\/v2\/product\/23504"}],"collection":[{"href":"https:\/\/www.sopha-sahara.com\/en\/wp-json\/wp\/v2\/product"}],"about":[{"href":"https:\/\/www.sopha-sahara.com\/en\/wp-json\/wp\/v2\/types\/product"}],"wp:featuredmedia":[{"embeddable":true,"href":"https:\/\/www.sopha-sahara.com\/en\/wp-json\/wp\/v2\/media\/23666"}],"wp:attachment":[{"href":"https:\/\/www.sopha-sahara.com\/en\/wp-json\/wp\/v2\/media?parent=23504"}],"wp:term":[{"taxonomy":"product_cat","embeddable":true,"href":"https:\/\/www.sopha-sahara.com\/en\/wp-json\/wp\/v2\/product_cat?post=23504"},{"taxonomy":"product_tag","embeddable":true,"href":"https:\/\/www.sopha-sahara.com\/en\/wp-json\/wp\/v2\/product_tag?post=23504"}],"curies":[{"name":"wp","href":"https:\/\/api.w.org\/{rel}","templated":true}]}}