{"id":23503,"date":"2020-12-15T10:56:25","date_gmt":"2020-12-15T09:56:25","guid":{"rendered":"https:\/\/www.interbusinesschamber.com\/produit\/uriage-depiderm-p-i-30ml-soin-preventif-depigmentant\/"},"modified":"2020-12-31T10:09:04","modified_gmt":"2020-12-31T09:09:04","slug":"uriage-depiderm-p-i-30ml-soin-preventif-depigmentant","status":"publish","type":"product","link":"https:\/\/www.sopha-sahara.com\/en\/product\/uriage-depiderm-p-i-30ml-soin-preventif-depigmentant\/","title":{"rendered":"URIAGE DEPIDERM P.I. 30ML SOIN PR\u00c9VENTIF D\u00c9PIGMENTANT"},"content":{"rendered":"<div id=\"page\" class=\"container_9 clearfix\">\n<div id=\"columns\" class=\"grid_9 alpha omega clearfix\">\n<div id=\"center_column\">\n<div id=\"category_produit\">\n<div id=\"more_info_block\" class=\"clear\">\n<div id=\"more_info_sheets\" class=\"sheets align_justify\">\n<div id=\"idTab1\" class=\"rte\">\n<h4>Conseil d'utilisation<\/h4>\n<div class=\"specifications\">2 applications par jour 15 jours avant l\u2019acte et 15 jours apr\u00e8s l\u2019acte.<br \/>Lors des expositions solaires, appliquer en compl\u00e9ment\u00a0<span class=\"p_smallcaps\">D\u00e9piderm SPF 50<\/span>.<br \/>\u00c9viter le contact avec les yeux.<\/div>\n<h4>Composition<\/h4>\n<div class=\"specifications\">Eau Thermale d\u2019Uriage - Nicotinamide - Licorice - Vitamine C.<br \/>Sans parfum.<\/div>\n<\/div>\n<\/div>\n<\/div>\n<\/div>\n<\/div>\n<div id=\"right_column\" class=\"column grid_2 omega\">\u00a0<\/div>\n<\/div>\n<\/div>\n<div id=\"footer\" class=\"grid_9 alpha omega clearfix\">\n<div id=\"sous_footer\">\n<div id=\"block_various_links_footer\" class=\"block_various_links\">\u00a0<\/div>\n<\/div>\n<\/div>","protected":false},"excerpt":{"rendered":"<p><span class=\"p_smallcaps\">D\u00e9piderm p.i.<\/span>\u00a0r\u00e9duit le risque de pigmentation r\u00e9actionnelle pouvant survenir \u00e0 la suite d\u2019un acte dermo-esth\u00e9tique et\/ou d\u2019une alt\u00e9ration cutan\u00e9e.<br \/>Ses actifs associ\u00e9s \u00e0 l\u2019Eau Thermale d\u2019Uriage agissent sur les facteurs d\u2019irritation \u00e0 l\u2019origine du processus d\u2019hyperpigmentation.<\/p>","protected":false},"featured_media":23598,"template":"","meta":{"arc_restricted_post":false},"product_cat":[48,333],"product_tag":[],"_links":{"self":[{"href":"https:\/\/www.sopha-sahara.com\/en\/wp-json\/wp\/v2\/product\/23503"}],"collection":[{"href":"https:\/\/www.sopha-sahara.com\/en\/wp-json\/wp\/v2\/product"}],"about":[{"href":"https:\/\/www.sopha-sahara.com\/en\/wp-json\/wp\/v2\/types\/product"}],"wp:featuredmedia":[{"embeddable":true,"href":"https:\/\/www.sopha-sahara.com\/en\/wp-json\/wp\/v2\/media\/23598"}],"wp:attachment":[{"href":"https:\/\/www.sopha-sahara.com\/en\/wp-json\/wp\/v2\/media?parent=23503"}],"wp:term":[{"taxonomy":"product_cat","embeddable":true,"href":"https:\/\/www.sopha-sahara.com\/en\/wp-json\/wp\/v2\/product_cat?post=23503"},{"taxonomy":"product_tag","embeddable":true,"href":"https:\/\/www.sopha-sahara.com\/en\/wp-json\/wp\/v2\/product_tag?post=23503"}],"curies":[{"name":"wp","href":"https:\/\/api.w.org\/{rel}","templated":true}]}}