{"id":23502,"date":"2020-12-15T10:56:25","date_gmt":"2020-12-15T09:56:25","guid":{"rendered":"https:\/\/www.interbusinesschamber.com\/produit\/uriage-roseliane-fluide-dermo-nettoyant-apaisant-250ml-nettoie-demaquille-apaise\/"},"modified":"2020-12-30T11:13:25","modified_gmt":"2020-12-30T10:13:25","slug":"uriage-roseliane-fluide-dermo-nettoyant-apaisant-250ml-nettoie-demaquille-apaise","status":"publish","type":"product","link":"https:\/\/www.sopha-sahara.com\/en\/product\/uriage-roseliane-fluide-dermo-nettoyant-apaisant-250ml-nettoie-demaquille-apaise\/","title":{"rendered":"URIAGE ROSELIANE FLUIDE DERMO-NETTOYANT APAISANT 250ML NETTOIE &#8211; D\u00c9MAQUILLE &#8211; APAISE"},"content":{"rendered":"<p><strong>Atouts :<\/strong><br \/>\u25a0Soin nettoyant anti-rougeurs visage et yeux.<br \/>\u25a0Id\u00e9al pour les peaux qui ne supportent pas l\u2019eau.<br \/>\u25a0Frais \u00e0 l\u2019application.<br \/>\u25a0Haute tol\u00e9rance.<br \/>\u25a0Sans rin\u00e7age.<\/p>\n<p>&nbsp;<\/p>\n<p><strong>Indications :<\/strong><br \/>\u25a0Peaux sensibles sujettes aux rougeurs.<br \/>\u25a0Peaux sensibles ne supportant pas l\u2019eau calcaire, le savon...<br \/>\u25a0Visage et yeux.<\/p>\n<p>&nbsp;<\/p>\n<p><strong>Formule :<\/strong><br \/>Composition : Eau Thermale d\u2019Uriage - Base lavante douce sans savon - Huile d\u2019amande d\u2019abricot - Beurre de Karit\u00e9 - Extraits v\u00e9g\u00e9taux de Mauve, Rose, Calendula, Mimosa.<br \/>Haute tol\u00e9rance : Hypoallerg\u00e9nique - Non com\u00e9dog\u00e8ne - pH physiologique.<\/p>\n<p>&nbsp;<\/p>\n<p><strong>Conseils d'utilisation :<\/strong><br \/>Appliquer avec un coton et le passer sur l\u2019ensemble du visage, du cou et du contour des yeux.<br \/>Renouveler l\u2019op\u00e9ration en changeant de coton jusqu\u2019\u00e0 ce que la peau soit parfaitement d\u00e9barrass\u00e9e de toutes traces de maquillage et d\u2019impuret\u00e9s.<br \/>Inutile de rincer.<\/p>","protected":false},"excerpt":{"rendered":"<p>Le Fluide Dermo-nettoyant Ros\u00e9liane \u00e9limine toutes les impuret\u00e9s et d\u00e9maquille le visage et les yeux sans qu\u2019il soit n\u00e9cessaire de rincer.<br \/>Enrichi en Eau Thermale d\u2019Uriage apaisante, il adoucit, d\u00e9congestionne et rafra\u00eechit la peau gr\u00e2ce \u00e0 l\u2019action combin\u00e9e de plusieurs extraits v\u00e9g\u00e9taux (abricot, karit\u00e9, mauve, rose, calendula, mimosa) rigoureusement s\u00e9lectionn\u00e9s pour r\u00e9tablir le confort cutan\u00e9 et diminuer les rougeurs diffuses tout en garantissant une haute tol\u00e9rance.<br \/>Agr\u00e9ablement parfum\u00e9, ce fluide g\u00e9lifi\u00e9 apporte \u00e0 la peau puret\u00e9, fra\u00eecheur et bien \u00eatre imm\u00e9diat.\u00a0<\/p>","protected":false},"featured_media":23657,"template":"","meta":{"arc_restricted_post":false},"product_cat":[48,333],"product_tag":[],"_links":{"self":[{"href":"https:\/\/www.sopha-sahara.com\/en\/wp-json\/wp\/v2\/product\/23502"}],"collection":[{"href":"https:\/\/www.sopha-sahara.com\/en\/wp-json\/wp\/v2\/product"}],"about":[{"href":"https:\/\/www.sopha-sahara.com\/en\/wp-json\/wp\/v2\/types\/product"}],"wp:featuredmedia":[{"embeddable":true,"href":"https:\/\/www.sopha-sahara.com\/en\/wp-json\/wp\/v2\/media\/23657"}],"wp:attachment":[{"href":"https:\/\/www.sopha-sahara.com\/en\/wp-json\/wp\/v2\/media?parent=23502"}],"wp:term":[{"taxonomy":"product_cat","embeddable":true,"href":"https:\/\/www.sopha-sahara.com\/en\/wp-json\/wp\/v2\/product_cat?post=23502"},{"taxonomy":"product_tag","embeddable":true,"href":"https:\/\/www.sopha-sahara.com\/en\/wp-json\/wp\/v2\/product_tag?post=23502"}],"curies":[{"name":"wp","href":"https:\/\/api.w.org\/{rel}","templated":true}]}}