{"id":23501,"date":"2020-12-15T10:56:25","date_gmt":"2020-12-15T09:56:25","guid":{"rendered":"https:\/\/www.interbusinesschamber.com\/produit\/uriage-roseliane-creme-riche-anti-rougeurs-pot-40-ml\/"},"modified":"2020-12-30T11:12:51","modified_gmt":"2020-12-30T10:12:51","slug":"uriage-roseliane-creme-riche-anti-rougeurs-pot-40-ml","status":"publish","type":"product","link":"https:\/\/www.sopha-sahara.com\/en\/product\/uriage-roseliane-creme-riche-anti-rougeurs-pot-40-ml\/","title":{"rendered":"URIAGE ROS\u00c9LIANE CR\u00c8ME RICHE ANTI-ROUGEURS &#8211; POT (40 ML)"},"content":{"rendered":"<p><strong>UTILISATION\u00a0<\/strong><br \/>Appliquer Uriage Ros\u00e9liane Cr\u00e8me Riche Anti-Rougeurs quotidiennement sur l\u2019ensemble du visage. \u00c9vitez le contour des yeux.<\/p>","protected":false},"excerpt":{"rendered":"<p>Un baume riche et onctueux qui limite les facteurs cl\u00e9s de la couperose\/rosac\u00e9e, prot\u00e8ge le syst\u00e8me vasculaire de la peau et limite les facteurs aggravants. Il procure d\u00e8s l\u2019application un confort imm\u00e9diat, laisse la peau douce, parfaitement hydrat\u00e9e et apais\u00e9e.\u00a0<\/p>\n<p>R\u00e9pare et renforce la barri\u00e8re cutan\u00e9e\u00a0<br \/>Riche en Eau Thermale d&rsquo;Uriage aux propri\u00e9t\u00e9s hydratantes et apaisantes et en C\u00e9rasterol-2F qui restructure durablement la barri\u00e8re cutan\u00e9e, cette cr\u00e8me hydrate et apporte un confort imm\u00e9diat et durable \u00e0 la peau.\u00a0<\/p>\n<p>Renforce la paroi vasculaire\u00a0<br \/>Les extraits de ginseng et d\u2019algues rouges renforcent la paroi des vaisseaux sanguins pour limiter leur apparition sur la surface de la peau.\u00a0<\/p>\n<p>Restaure et fortifie la barri\u00e8re immunologique\u00a0<br \/>L\u2019association du complexe TLR2-Regul et du complexe SK5R, (Specific-Kallikrein-5-Regulator), nouveau brevet d\u00e9pos\u00e9 des Laboratoires Dermatologiques d\u2019Uriage, r\u00e9gulent l\u2019activit\u00e9 de la Kallikr\u00e9ine-5, prot\u00e9ase responsable de l\u2019inflammation et des probl\u00e8mes vasculaires, pour un effet apaisant performant.\u00a0<\/p>","protected":false},"featured_media":23656,"template":"","meta":{"arc_restricted_post":false},"product_cat":[48,333],"product_tag":[],"_links":{"self":[{"href":"https:\/\/www.sopha-sahara.com\/en\/wp-json\/wp\/v2\/product\/23501"}],"collection":[{"href":"https:\/\/www.sopha-sahara.com\/en\/wp-json\/wp\/v2\/product"}],"about":[{"href":"https:\/\/www.sopha-sahara.com\/en\/wp-json\/wp\/v2\/types\/product"}],"wp:featuredmedia":[{"embeddable":true,"href":"https:\/\/www.sopha-sahara.com\/en\/wp-json\/wp\/v2\/media\/23656"}],"wp:attachment":[{"href":"https:\/\/www.sopha-sahara.com\/en\/wp-json\/wp\/v2\/media?parent=23501"}],"wp:term":[{"taxonomy":"product_cat","embeddable":true,"href":"https:\/\/www.sopha-sahara.com\/en\/wp-json\/wp\/v2\/product_cat?post=23501"},{"taxonomy":"product_tag","embeddable":true,"href":"https:\/\/www.sopha-sahara.com\/en\/wp-json\/wp\/v2\/product_tag?post=23501"}],"curies":[{"name":"wp","href":"https:\/\/api.w.org\/{rel}","templated":true}]}}