{"id":23500,"date":"2020-12-15T10:56:24","date_gmt":"2020-12-15T09:56:24","guid":{"rendered":"https:\/\/www.interbusinesschamber.com\/produit\/uriage-cu-zn-gel-nettoyant-anti-irritations-200ml-peaux-irritees\/"},"modified":"2020-12-30T10:02:34","modified_gmt":"2020-12-30T09:02:34","slug":"uriage-cu-zn-gel-nettoyant-anti-irritations-200ml-peaux-irritees","status":"publish","type":"product","link":"https:\/\/www.sopha-sahara.com\/en\/product\/uriage-cu-zn-gel-nettoyant-anti-irritations-200ml-peaux-irritees\/","title":{"rendered":"URIAGE CU-ZN+ GEL NETTOYANT ANTI-IRRITATIONS 200ML PEAUX IRRIT\u00c9ES"},"content":{"rendered":"<div id=\"product_info_desc\">\n<h4>Propri\u00e9t\u00e9s<\/h4>\n<p>Le Gel Nettoyant Anti-Irritations CU-ZN+ contient :<\/p>\n<ul>\n<li><strong>Le Complexe TLR2-R\u00e9gul<\/strong>\n<ul>\n<li>Brevet URIAGE, il limite les inflammations dues au contact des micro-organismes pr\u00e9sents naturellement sur la peau.<\/li>\n<\/ul>\n<\/li>\n<li><strong>Du Cuivre et du Zinc<\/strong>\n<ul>\n<li>Il vont agir en parfaite synergie pour purifier la flore.<\/li>\n<\/ul>\n<\/li>\n<li><strong>De l'Eau Thermale d'Uriage<\/strong>\n<ul>\n<li>Elle est naturellement apaisante.<\/li>\n<\/ul>\n<\/li>\n<li><strong>Une base Lavante sans Savon<\/strong>\n<ul>\n<li>Elle ne dess\u00e8che pas la peau.<\/li>\n<\/ul>\n<\/li>\n<li><strong>Une formule Haute Tol\u00e9rance<\/strong>\n<ul>\n<li>Elle ne contient ni colorant, ni conservateur et ni parfum.<\/li>\n<\/ul>\n<\/li>\n<\/ul>\n<\/div>\n<div id=\"product_info_desc\">\n<h4>R\u00e9sultats<\/h4>\n<p>Le Gel Nettoyant Anti-Irritations CU-ZN+ est id\u00e9al pour la toilette quotidienne des peaux irrit\u00e9es ou sujettes aux irritations.<\/p><\/div>\n<div id=\"product_info_desc\">\n<h4>Conseils D'utilisation<\/h4>\n<p>Matin et\/ou soir, faites mousser sur votre visage et\/ou votre corps humidifi\u00e9s et rincez soigneusement.<\/p>\n<p>Convient \u00e0 toute la famille.<\/p><\/div>","protected":false},"excerpt":{"rendered":"<p>Certaines peaux sont sujettes aux irritations : il faut dans ce cas utiliser des soins sp\u00e9cifiques pour \u00e9viter d&rsquo;accentuer ces irritations, les soulager et les r\u00e9duire. Les Laboratoires URIAGE ont con\u00e7u la gamme CU-ZN+ sp\u00e9cialement destin\u00e9e aux peaux irrit\u00e9es.<\/p>","protected":false},"featured_media":23593,"template":"","meta":{"arc_restricted_post":false},"product_cat":[48,333],"product_tag":[],"_links":{"self":[{"href":"https:\/\/www.sopha-sahara.com\/en\/wp-json\/wp\/v2\/product\/23500"}],"collection":[{"href":"https:\/\/www.sopha-sahara.com\/en\/wp-json\/wp\/v2\/product"}],"about":[{"href":"https:\/\/www.sopha-sahara.com\/en\/wp-json\/wp\/v2\/types\/product"}],"wp:featuredmedia":[{"embeddable":true,"href":"https:\/\/www.sopha-sahara.com\/en\/wp-json\/wp\/v2\/media\/23593"}],"wp:attachment":[{"href":"https:\/\/www.sopha-sahara.com\/en\/wp-json\/wp\/v2\/media?parent=23500"}],"wp:term":[{"taxonomy":"product_cat","embeddable":true,"href":"https:\/\/www.sopha-sahara.com\/en\/wp-json\/wp\/v2\/product_cat?post=23500"},{"taxonomy":"product_tag","embeddable":true,"href":"https:\/\/www.sopha-sahara.com\/en\/wp-json\/wp\/v2\/product_tag?post=23500"}],"curies":[{"name":"wp","href":"https:\/\/api.w.org\/{rel}","templated":true}]}}