{"id":23499,"date":"2020-12-15T10:56:24","date_gmt":"2020-12-15T09:56:24","guid":{"rendered":"https:\/\/www.interbusinesschamber.com\/produit\/uriage-cold-cream-100ml-creme-protectrice\/"},"modified":"2020-12-30T09:57:39","modified_gmt":"2020-12-30T08:57:39","slug":"uriage-cold-cream-100ml-creme-protectrice","status":"publish","type":"product","link":"https:\/\/www.sopha-sahara.com\/en\/product\/uriage-cold-cream-100ml-creme-protectrice\/","title":{"rendered":"URIAGE COLD CREAM 100ML CR\u00c8ME PROTECTRICE"},"content":{"rendered":"<div><strong>Atouts<\/strong><\/div>\n<div>Les vertus de l\u2019Eau Thermale d\u2019Uriage pour une cr\u00e8me de soin au quotidien.<\/div>\n<div>Une gal\u00e9nique exceptionnelle.<\/div>\n<div>\u00a0<\/div>\n<div><strong>Conseils d'utilisation<\/strong><\/div>\n<div><span class=\"p_smallcaps\">Cold Cream<\/span>\u00a0s\u2019utilise sur une peau parfaitement nettoy\u00e9e.<\/div>\n<div>Appliquer et masser doucement pour faire p\u00e9n\u00e9trer.<\/div>\n<div>\u00a0<\/div>\n<div><strong>Composition<\/strong><\/div>\n<div>Eau Thermale d\u2019Uriage - Emulsion E\/H - Glyc\u00e9rine - Cire d\u2019abeille<\/div>\n<div>Sans parfum - Sans paraben.<\/div>\n<div><strong>Haute tol\u00e9rance<\/strong>\u00a0: Hypoallerg\u00e9nique - Non com\u00e9dog\u00e8ne.<\/div>","protected":false},"excerpt":{"rendered":"<div id=\"p_chapeau\">\n<ul>\n<li>\n<p>Peaux tr\u00e8s s\u00e8ches ou sensibles.<\/p>\n<\/li>\n<li>\n<p>Visage et corps.<\/p>\n<\/li>\n<li>\n<p>B\u00e9b\u00e9s, enfants, adultes.<\/p>\n<\/li>\n<\/ul>\n<\/div>\n<div id=\"propriete_dermato\"><strong>Propri\u00e9t\u00e9s<\/strong><\/div>\n<div><span class=\"p_smallcaps\">Cold Cream<\/span>\u00a0est une cr\u00e8me de soin unique, car elle associe l&rsquo;Eau Thermale d&rsquo;Uriage apaisante \u00e0 des actifs nourrissants et hydratants.<\/div>","protected":false},"featured_media":23587,"template":"","meta":{"arc_restricted_post":false},"product_cat":[48,333],"product_tag":[],"_links":{"self":[{"href":"https:\/\/www.sopha-sahara.com\/en\/wp-json\/wp\/v2\/product\/23499"}],"collection":[{"href":"https:\/\/www.sopha-sahara.com\/en\/wp-json\/wp\/v2\/product"}],"about":[{"href":"https:\/\/www.sopha-sahara.com\/en\/wp-json\/wp\/v2\/types\/product"}],"wp:featuredmedia":[{"embeddable":true,"href":"https:\/\/www.sopha-sahara.com\/en\/wp-json\/wp\/v2\/media\/23587"}],"wp:attachment":[{"href":"https:\/\/www.sopha-sahara.com\/en\/wp-json\/wp\/v2\/media?parent=23499"}],"wp:term":[{"taxonomy":"product_cat","embeddable":true,"href":"https:\/\/www.sopha-sahara.com\/en\/wp-json\/wp\/v2\/product_cat?post=23499"},{"taxonomy":"product_tag","embeddable":true,"href":"https:\/\/www.sopha-sahara.com\/en\/wp-json\/wp\/v2\/product_tag?post=23499"}],"curies":[{"name":"wp","href":"https:\/\/api.w.org\/{rel}","templated":true}]}}