{"id":23498,"date":"2020-12-15T10:56:23","date_gmt":"2020-12-15T09:56:23","guid":{"rendered":"https:\/\/www.interbusinesschamber.com\/produit\/uriage-roseliane-creme-anti-rougeurs-40ml-decongestionne-apaise-hydrate\/"},"modified":"2020-12-30T11:10:12","modified_gmt":"2020-12-30T10:10:12","slug":"uriage-roseliane-creme-anti-rougeurs-40ml-decongestionne-apaise-hydrate","status":"publish","type":"product","link":"https:\/\/www.sopha-sahara.com\/en\/product\/uriage-roseliane-creme-anti-rougeurs-40ml-decongestionne-apaise-hydrate\/","title":{"rendered":"URIAGE ROSELIANE CREME ANTI-ROUGEURS 40ML D\u00c9CONGESTIONNE &#8211; APAISE &#8211; HYDRATE"},"content":{"rendered":"<p><strong>Principes actifs :<\/strong><br \/>Eau Thermale d\u2019Uriage<br \/>Cerasterol-2F<br \/>Complexe SK5R<br \/>Complexe TLR2-REGUL<br \/>Association de plantes<br \/>Nacres vertes<br \/>Glyc\u00e9rine<br \/>Beurre de karit\u00e9<br \/>Hypoallerg\u00e9nique<br \/>Non com\u00e9dog\u00e8ne<\/p>\n<p>\u00a0<strong>CONSEILS D'UTILISATION :<\/strong><br \/>Appliquez quotidiennement sur l\u2019ensemble du visage. \u00c9vitez le contour des yeux.<\/p>","protected":false},"excerpt":{"rendered":"<p>Une cr\u00e8me onctueuse, non-grasse qui limite les facteurs cl\u00e9s de la couperose\/rosac\u00e9e, prot\u00e8ge le syst\u00e8me vasculaire de la peau et limite les facteurs aggravants. Elle procure d\u00e8s l\u2019application un confort imm\u00e9diat, laisse la peau douce, parfaitement hydrat\u00e9e et apais\u00e9e.<\/p>\n<p>R\u00e9pare et renforce la barri\u00e8re cutan\u00e9e<br \/>Riche en Eau Thermale d&rsquo;Uriage aux propri\u00e9t\u00e9s hydratantes et apaisantes et en C\u00e9rasterol-2F qui restructure durablement la barri\u00e8re cutan\u00e9e, cette cr\u00e8me hydrate et apporte un confort imm\u00e9diat et durable \u00e0 la peau.\u00a0 \u00a0 \u00a0 \u00a0 \u00a0 \u00a0<\/p>\n<p>Renforce la paroi vasculaire<br \/>Les extraits de ginseng et d\u2019algues rouges renforcent la paroi des vaisseaux sanguins pour limiter leur apparition sur la surface de la peau.<\/p>\n<p>Restaure et fortifie la barri\u00e8re immunologique<br \/>L\u2019association du complexe TLR2-Regul et du complexe SK5R, (Specific-Kallikrein-5-Regulator), nouveau brevet d\u00e9pos\u00e9 des Laboratoires Dermatologiques d\u2019Uriage, r\u00e9gulent l\u2019activit\u00e9 de la Kallikr\u00e9ine-5, prot\u00e9ase responsable de l\u2019inflammation et des probl\u00e8mes vasculaires, pour un effet apaisant performant.<\/p>","protected":false},"featured_media":23655,"template":"","meta":{"arc_restricted_post":false},"product_cat":[48,333],"product_tag":[],"_links":{"self":[{"href":"https:\/\/www.sopha-sahara.com\/en\/wp-json\/wp\/v2\/product\/23498"}],"collection":[{"href":"https:\/\/www.sopha-sahara.com\/en\/wp-json\/wp\/v2\/product"}],"about":[{"href":"https:\/\/www.sopha-sahara.com\/en\/wp-json\/wp\/v2\/types\/product"}],"wp:featuredmedia":[{"embeddable":true,"href":"https:\/\/www.sopha-sahara.com\/en\/wp-json\/wp\/v2\/media\/23655"}],"wp:attachment":[{"href":"https:\/\/www.sopha-sahara.com\/en\/wp-json\/wp\/v2\/media?parent=23498"}],"wp:term":[{"taxonomy":"product_cat","embeddable":true,"href":"https:\/\/www.sopha-sahara.com\/en\/wp-json\/wp\/v2\/product_cat?post=23498"},{"taxonomy":"product_tag","embeddable":true,"href":"https:\/\/www.sopha-sahara.com\/en\/wp-json\/wp\/v2\/product_tag?post=23498"}],"curies":[{"name":"wp","href":"https:\/\/api.w.org\/{rel}","templated":true}]}}