{"id":23497,"date":"2020-12-15T10:56:23","date_gmt":"2020-12-15T09:56:23","guid":{"rendered":"https:\/\/www.interbusinesschamber.com\/produit\/uriage-ds-gel-nettoyant-150ml\/"},"modified":"2020-12-30T10:23:12","modified_gmt":"2020-12-30T09:23:12","slug":"uriage-ds-gel-nettoyant-150ml","status":"publish","type":"product","link":"https:\/\/www.sopha-sahara.com\/en\/product\/uriage-ds-gel-nettoyant-150ml\/","title":{"rendered":"URIAGE DS GEL NETTOYANT 150ML"},"content":{"rendered":"<p><strong>Indications :<\/strong><br \/>Dermite S\u00e9borr\u00e9hique<br \/>Peaux sujettes aux irritations, rougeurs et squames des zones s\u00e9borrh\u00e9iques.<br \/>Visage, corps et cuir chevelu.<br \/>Adultes.<\/p>\n<p>Les soins r\u00e9gulateurs D.S.\u00ae permettent aux peaux sujettes aux irritations, aux rougeurs et aux squames (visage, corps et cuir chevelu) de retrouver rapidement apaisement, confort et uniformit\u00e9.<\/p>\n<p><strong>Formule :<\/strong><br \/>Composition : Complexe TLR2-Regul - Eau Thermale d\u2019Uriage - Piroctone Olamine - Tensioactifs doux - Agent protecteur surgraissant.<br \/>Sans savon - Sans parfum - Sans paraben.<br \/>Haute tol\u00e9rance : Hypoallerg\u00e9nique.<\/p>\n<p><strong>Conseils d'utilisation :<\/strong><br \/>Sur le cuir chevelu : en shampooing 2 \u00e0 3 fois par semaine.\u00a0<br \/>Sur le visage et le corps : 1 \u00e0 2 fois par jour en geste d\u2019hygi\u00e8ne. Faire mousser sur peau humide, laisser agir quelques instants et bien rincer. \u00c9viter le contact avec les yeux.<\/p>","protected":false},"excerpt":{"rendered":"<p>D.S. Gel Nettoyant est un gel moussant r\u00e9gulateur, purifiant et non dess\u00e9chant.<br \/>Il nettoie tout en douceur, \u00e9limine les impuret\u00e9s gr\u00e2ce \u00e0 l\u2019efficacit\u00e9 conjugu\u00e9e d\u2019actifs assainissants sp\u00e9cifiques et d\u2019un complexe brevet\u00e9 anti-irritant associ\u00e9s \u00e0 l\u2019Eau Thermale d\u2019Uriage apaisante.<br \/>Sa mousse est onctueuse, ultra-douce et se rince facilement.<br \/>La peau est douce, purifi\u00e9e et retrouve une sensation de confort.\u00a0<\/p>\n<p>Uriage propose une approche totalement innovante : pour la premi\u00e8re fois en dermo-cosm\u00e9tique le complexe TLR2-Regul, brevet\u00e9 par les Laboratoires Uriage, agit sp\u00e9cifiquement sur les irritations d\u00e9clench\u00e9es par la pr\u00e9sence de micro-organismes. Il est associ\u00e9 \u00e0 la piroctone olamine, actif assainissant reconnu.<\/p>","protected":false},"featured_media":23607,"template":"","meta":{"arc_restricted_post":false},"product_cat":[48,333],"product_tag":[],"_links":{"self":[{"href":"https:\/\/www.sopha-sahara.com\/en\/wp-json\/wp\/v2\/product\/23497"}],"collection":[{"href":"https:\/\/www.sopha-sahara.com\/en\/wp-json\/wp\/v2\/product"}],"about":[{"href":"https:\/\/www.sopha-sahara.com\/en\/wp-json\/wp\/v2\/types\/product"}],"wp:featuredmedia":[{"embeddable":true,"href":"https:\/\/www.sopha-sahara.com\/en\/wp-json\/wp\/v2\/media\/23607"}],"wp:attachment":[{"href":"https:\/\/www.sopha-sahara.com\/en\/wp-json\/wp\/v2\/media?parent=23497"}],"wp:term":[{"taxonomy":"product_cat","embeddable":true,"href":"https:\/\/www.sopha-sahara.com\/en\/wp-json\/wp\/v2\/product_cat?post=23497"},{"taxonomy":"product_tag","embeddable":true,"href":"https:\/\/www.sopha-sahara.com\/en\/wp-json\/wp\/v2\/product_tag?post=23497"}],"curies":[{"name":"wp","href":"https:\/\/api.w.org\/{rel}","templated":true}]}}