{"id":23496,"date":"2020-12-15T10:56:22","date_gmt":"2020-12-15T09:56:22","guid":{"rendered":"https:\/\/www.interbusinesschamber.com\/produit\/uriage-ds-emulsion-40ml\/"},"modified":"2020-12-30T10:22:32","modified_gmt":"2020-12-30T09:22:32","slug":"uriage-ds-emulsion-40ml","status":"publish","type":"product","link":"https:\/\/www.sopha-sahara.com\/en\/product\/uriage-ds-emulsion-40ml\/","title":{"rendered":"URIAGE DS EMULSION 40ML"},"content":{"rendered":"<p><strong>Indications :<\/strong><br \/>Peaux sujettes aux irritations, rougeurs et squames des zones s\u00e9borrh\u00e9iques.<br \/>Cro\u00fbtes de lait du nourrisson.<br \/>Visage, corps et cuir chevelu.<br \/>B\u00e9b\u00e9s, enfants, adultes.<\/p>\n<p><strong>Formule :<\/strong><br \/>Composition : Complexe TLR2-Regul - Eau Thermale d\u2019Uriage - Piroctone Olamine - Glyc\u00e9rine - Beurre de karit\u00e9.<br \/>Sans parfum - Sans paraben.<br \/>Haute tol\u00e9rance : Hypoallerg\u00e9nique - Non com\u00e9dog\u00e8ne.<\/p>\n<div>\u00a0<\/div>\n<p><strong>Conseils d'utilisation :<\/strong><br \/>Appliquer 1 \u00e0 2 fois par jour apr\u00e8s nettoyage de la peau avec D.S. Gel Nettoyant.\u00a0<br \/>\u00c9viter le contact avec les yeux.<\/p>","protected":false},"excerpt":{"rendered":"<p>Les soins r\u00e9gulateurs D.S.\u00ae permettent aux peaux sujettes aux irritations, aux rougeurs et aux squames (visage, corps et cuir chevelu) de retrouver rapidement apaisement, confort et uniformit\u00e9.<\/p>\n<p>D.S. \u00c9mulsion est un soin r\u00e9gulateur, purifiant, apaisant et restructurant. Il calme les irritations, assainit, r\u00e9duit les squames, les sensations d\u2019inconfort et de tiraillement, tout en hydratant la peau.\u00a0<br \/>Sa texture est l\u00e9g\u00e8re et non grasse. L\u2019efficacit\u00e9 conjugu\u00e9e d\u2019un actif assainissant et d\u2019un complexe brevet\u00e9 anti-irritant associ\u00e9s \u00e0 l\u2019Eau Thermale d\u2019Uriage, assure une am\u00e9lioration rapide de l\u2019\u00e9tat de la peau.\u00a0<\/p>\n<p>Atouts : Uriage propose une approche totalement innovante : pour la premi\u00e8re fois en dermo-cosm\u00e9tique le complexe TLR2-Regul, brevet\u00e9 par les Laboratoires Uriage, agit sp\u00e9cifiquement sur les irritations d\u00e9clench\u00e9es par la pr\u00e9sence de micro-organismes. Il est associ\u00e9 \u00e0 la Piroctone Olamine, actif assainissant reconnu.\u00a0<\/p>\n<p>Tube 40 ml<\/p>","protected":false},"featured_media":23606,"template":"","meta":{"arc_restricted_post":false},"product_cat":[48,333],"product_tag":[],"_links":{"self":[{"href":"https:\/\/www.sopha-sahara.com\/en\/wp-json\/wp\/v2\/product\/23496"}],"collection":[{"href":"https:\/\/www.sopha-sahara.com\/en\/wp-json\/wp\/v2\/product"}],"about":[{"href":"https:\/\/www.sopha-sahara.com\/en\/wp-json\/wp\/v2\/types\/product"}],"wp:featuredmedia":[{"embeddable":true,"href":"https:\/\/www.sopha-sahara.com\/en\/wp-json\/wp\/v2\/media\/23606"}],"wp:attachment":[{"href":"https:\/\/www.sopha-sahara.com\/en\/wp-json\/wp\/v2\/media?parent=23496"}],"wp:term":[{"taxonomy":"product_cat","embeddable":true,"href":"https:\/\/www.sopha-sahara.com\/en\/wp-json\/wp\/v2\/product_cat?post=23496"},{"taxonomy":"product_tag","embeddable":true,"href":"https:\/\/www.sopha-sahara.com\/en\/wp-json\/wp\/v2\/product_tag?post=23496"}],"curies":[{"name":"wp","href":"https:\/\/api.w.org\/{rel}","templated":true}]}}