{"id":23495,"date":"2020-12-15T10:56:22","date_gmt":"2020-12-15T09:56:22","guid":{"rendered":"https:\/\/www.interbusinesschamber.com\/produit\/uriage-bariederm-creme-isolante-reparatrice-75ml-peaux-agressees\/"},"modified":"2020-12-30T09:30:45","modified_gmt":"2020-12-30T08:30:45","slug":"uriage-bariederm-creme-isolante-reparatrice-75ml-peaux-agressees","status":"publish","type":"product","link":"https:\/\/www.sopha-sahara.com\/en\/product\/uriage-bariederm-creme-isolante-reparatrice-75ml-peaux-agressees\/","title":{"rendered":"URIAGE BARIEDERM CREME ISOLANTE REPARATRICE 75ML PEAUX AGRESS\u00c9ES"},"content":{"rendered":"<div id=\"product_info_desc\">\n<h4>R\u00e9sultats<\/h4>\n<p>La Cr\u00e8me Isolante R\u00e9paratrice BARIEDERM, de texture non grasse et invisible, prot\u00e8ge et r\u00e9pare l'ensemble des parties du corps soumises aux agressions ext\u00e9rieures.<\/p><\/div>\n<div id=\"product_info_desc\">\n<h4>Conseils D'utilisation<\/h4>\n<p>Appliquez aussi souvent que n\u00e9cessaire sur la zone \u00e0 prot\u00e9ger ou \u00e0 r\u00e9parer.<\/p>\n<p>Convient \u00e0 toute la famille.<\/p><\/div>","protected":false},"excerpt":{"rendered":"<div id=\"product_info_desc\">\n<p>URIAGE BARIEDERM CREME ISOLANTE REPARATRICE MAINS\/VISAGE\/CORPS 75ML (Soins Des Mains)<\/p>\n<p>Notre peau est continuellement soumise \u00e0 rude \u00e9preuve : le soleil, la pluie, le vent, les produits m\u00e9nagers ou encore les frottements des v\u00eatements&#8230;entra\u00eenant des irritations d\u00e9sagr\u00e9ables. Les Laboratoires URIAGE mettent \u00e0 votre disposition pour la premi\u00e8re fois, une cr\u00e8me permettant non seulement de r\u00e9parer mais aussi de prot\u00e9ger votre peau de toutes ces agressions : La Cr\u00e8me Isolante R\u00e9paratrice BARIEDERM.<\/p><\/div>\n<div id=\"product_info_desc\">\n<h4>Propri\u00e9t\u00e9s<\/h4>\n<p>La Cr\u00e8me BARIDERM contient :<\/p>\n<ul>\n<li><strong>Du Poly-2P<\/strong>\n<ul>\n<li>C&rsquo;est un brevet exclusif URIAGE associant 2 polym\u00e8res qui vont agir \u00e0 la surface de la peau en formant une couche protectrice et en profondeur pour restaurer la peau l\u00e9s\u00e9e.<\/li>\n<\/ul>\n<\/li>\n<li><strong>De l&rsquo;Eau Thermale d&rsquo;Uriage combin\u00e9e \u00e0 des Phytosqualanes, des Phytost\u00e9rols et de la Glyc\u00e9rine<\/strong>\n<ul>\n<li>Ils vont procurer apaisement et hydratation \u00e0 la peau.<\/li>\n<\/ul>\n<\/li>\n<\/ul>\n<\/div>","protected":false},"featured_media":23561,"template":"","meta":{"arc_restricted_post":false},"product_cat":[48,333],"product_tag":[],"_links":{"self":[{"href":"https:\/\/www.sopha-sahara.com\/en\/wp-json\/wp\/v2\/product\/23495"}],"collection":[{"href":"https:\/\/www.sopha-sahara.com\/en\/wp-json\/wp\/v2\/product"}],"about":[{"href":"https:\/\/www.sopha-sahara.com\/en\/wp-json\/wp\/v2\/types\/product"}],"wp:featuredmedia":[{"embeddable":true,"href":"https:\/\/www.sopha-sahara.com\/en\/wp-json\/wp\/v2\/media\/23561"}],"wp:attachment":[{"href":"https:\/\/www.sopha-sahara.com\/en\/wp-json\/wp\/v2\/media?parent=23495"}],"wp:term":[{"taxonomy":"product_cat","embeddable":true,"href":"https:\/\/www.sopha-sahara.com\/en\/wp-json\/wp\/v2\/product_cat?post=23495"},{"taxonomy":"product_tag","embeddable":true,"href":"https:\/\/www.sopha-sahara.com\/en\/wp-json\/wp\/v2\/product_tag?post=23495"}],"curies":[{"name":"wp","href":"https:\/\/api.w.org\/{rel}","templated":true}]}}