{"id":23494,"date":"2020-12-15T10:56:21","date_gmt":"2020-12-15T09:56:21","guid":{"rendered":"https:\/\/www.interbusinesschamber.com\/produit\/uriage-age-protect-fluide-multi-actions-40ml\/"},"modified":"2020-12-30T09:23:26","modified_gmt":"2020-12-30T08:23:26","slug":"uriage-age-protect-fluide-multi-actions-40ml","status":"publish","type":"product","link":"https:\/\/www.sopha-sahara.com\/en\/product\/uriage-age-protect-fluide-multi-actions-40ml\/","title":{"rendered":"URIAGE AGE PROTECT FLUIDE MULTI-ACTIONS 40ML"},"content":{"rendered":"<p><strong>CONSEILS D'UTILISATION :<\/strong><br \/>Appliquer le matin sur le visage parfaitement nettoy\u00e9 et s\u00e9ch\u00e9. Eviter le contact avec les yeux. Ne pas appliquer chez la femme enceinte. En cas de picotements espacer les applications.<\/p>","protected":false},"excerpt":{"rendered":"<p>Ce fluide l\u00e9ger perfecteur de peau agit simultan\u00e9ment sur les signes de l&rsquo;\u00e2ge et sur les agressions quotidiennes que subit la peau : lumi\u00e8re bleue, UV, pollution, stress, fatigue&#8230; Enrichi en actifs astringents, il r\u00e9duit la taille des pores tout en affinant le grain de peau pour un teint visiblement plus lisse.<\/p>\n<p>Pr\u00e9vient et corrige les signes de l\u2019\u00e2ge<br \/>Diminue l&rsquo;apparence des ridules et des rides, lutte contre la perte de tonicit\u00e9 et le manque de fermet\u00e9, aide \u00e0 pr\u00e9venir les taches pigmentaires et redonne vitalit\u00e9 et \u00e9clat.<\/p>\n<p>Prot\u00e8ge la peau<br \/>La peau est prot\u00e9g\u00e9e de la pollution et des m\u00e9faits de la lumi\u00e8re bleue gr\u00e2ce au brevet BLB*<\/p>\n<p>Resserre les pores<br \/>AHA, Extraits de fruits de rose &amp; Cellulose pour un effet matifiant, purifiant et une action renforc\u00e9e pour resserrer les pores.<\/p>","protected":false},"featured_media":23555,"template":"","meta":{"arc_restricted_post":false},"product_cat":[48,333],"product_tag":[],"_links":{"self":[{"href":"https:\/\/www.sopha-sahara.com\/en\/wp-json\/wp\/v2\/product\/23494"}],"collection":[{"href":"https:\/\/www.sopha-sahara.com\/en\/wp-json\/wp\/v2\/product"}],"about":[{"href":"https:\/\/www.sopha-sahara.com\/en\/wp-json\/wp\/v2\/types\/product"}],"wp:featuredmedia":[{"embeddable":true,"href":"https:\/\/www.sopha-sahara.com\/en\/wp-json\/wp\/v2\/media\/23555"}],"wp:attachment":[{"href":"https:\/\/www.sopha-sahara.com\/en\/wp-json\/wp\/v2\/media?parent=23494"}],"wp:term":[{"taxonomy":"product_cat","embeddable":true,"href":"https:\/\/www.sopha-sahara.com\/en\/wp-json\/wp\/v2\/product_cat?post=23494"},{"taxonomy":"product_tag","embeddable":true,"href":"https:\/\/www.sopha-sahara.com\/en\/wp-json\/wp\/v2\/product_tag?post=23494"}],"curies":[{"name":"wp","href":"https:\/\/api.w.org\/{rel}","templated":true}]}}