{"id":23493,"date":"2020-12-15T10:56:21","date_gmt":"2020-12-15T09:56:21","guid":{"rendered":"https:\/\/www.interbusinesschamber.com\/produit\/uriage-bariesun-mat-fluide-spf50\/"},"modified":"2020-12-30T09:40:22","modified_gmt":"2020-12-30T08:40:22","slug":"uriage-bariesun-mat-fluide-spf50","status":"publish","type":"product","link":"https:\/\/www.sopha-sahara.com\/en\/product\/uriage-bariesun-mat-fluide-spf50\/","title":{"rendered":"URIAGE BARIESUN MAT FLUIDE SPF50+"},"content":{"rendered":"","protected":false},"excerpt":{"rendered":"<p>Sp\u00e9cialement d\u00e9velopp\u00e9 pour les peaux mixtes \u00e0 grasses, ce fluide matifiant apporte une tr\u00e8s haute protection contre les UVA, les UVB et les radicaux libres.\u00a0<br \/>Sa formule l\u00e9g\u00e8re garantit un effet anti- brillance, une absorption rapide et une hydratation continue.<br \/>Ce fluide assure une tr\u00e8s haute protection UVA-UVA gr\u00e2ce \u00e0 un complexe filtrant ultra-performant.\u00a0<br \/>Il apporte un effet matifiant durable gr\u00e2ce \u00e0 l&rsquo;extrait de Licorice, \u00e0 l&rsquo;action s\u00e9bo-r\u00e9gulatrice.<br \/>Tr\u00e8s hydratant, il d\u00e9tient des actifs limitant le dess\u00e8chement cutan\u00e9.<\/p>","protected":false},"featured_media":23573,"template":"","meta":{"arc_restricted_post":false},"product_cat":[48,333],"product_tag":[],"_links":{"self":[{"href":"https:\/\/www.sopha-sahara.com\/en\/wp-json\/wp\/v2\/product\/23493"}],"collection":[{"href":"https:\/\/www.sopha-sahara.com\/en\/wp-json\/wp\/v2\/product"}],"about":[{"href":"https:\/\/www.sopha-sahara.com\/en\/wp-json\/wp\/v2\/types\/product"}],"wp:featuredmedia":[{"embeddable":true,"href":"https:\/\/www.sopha-sahara.com\/en\/wp-json\/wp\/v2\/media\/23573"}],"wp:attachment":[{"href":"https:\/\/www.sopha-sahara.com\/en\/wp-json\/wp\/v2\/media?parent=23493"}],"wp:term":[{"taxonomy":"product_cat","embeddable":true,"href":"https:\/\/www.sopha-sahara.com\/en\/wp-json\/wp\/v2\/product_cat?post=23493"},{"taxonomy":"product_tag","embeddable":true,"href":"https:\/\/www.sopha-sahara.com\/en\/wp-json\/wp\/v2\/product_tag?post=23493"}],"curies":[{"name":"wp","href":"https:\/\/api.w.org\/{rel}","templated":true}]}}