{"id":23492,"date":"2020-12-15T10:56:21","date_gmt":"2020-12-15T09:56:21","guid":{"rendered":"https:\/\/www.interbusinesschamber.com\/produit\/uriage-bariesun-solaire-fluide-anti-taches-spf50-40ml\/"},"modified":"2020-12-30T09:41:08","modified_gmt":"2020-12-30T08:41:08","slug":"uriage-bariesun-solaire-fluide-anti-taches-spf50-40ml","status":"publish","type":"product","link":"https:\/\/www.sopha-sahara.com\/en\/product\/uriage-bariesun-solaire-fluide-anti-taches-spf50-40ml\/","title":{"rendered":"URIAGE BARIESUN SOLAIRE FLUIDE ANTI TACHES SPF50+ 40ML"},"content":{"rendered":"<p><strong>conseils d'utilisation<\/strong><br \/>avant l\u2019exposition appliquer une dose suffisante pour bien couvrir la zone expos\u00e9e par exemple l\u2019\u00e9quivalent d\u2019une cuill\u00e8re \u00e0 caf\u00e9 de produit pour le visage et le cou.<br \/>la r\u00e9duction de cette quantit\u00e9 diminue le niveau de protection.\u00a0<br \/>renouveler l\u2019application fr\u00e9quemment surtout apr\u00e8s avoir transpir\u00e9 nag\u00e9 ou s\u2019\u00eatre essuy\u00e9.\u00a0<br \/>m\u00eame bien prot\u00e9g\u00e9 r\u00e9duire au maximum l\u2019exposition.\u00a0<br \/>ne pas exposer les b\u00e9b\u00e9s et les jeunes enfants directement au soleil.\u00a0<br \/>eviter le contact avec les yeux.<\/p>\n<p><strong>composition<\/strong><br \/>formule inci : aqua (water eau) ethylhexyl methoxycinnamate diethylamino hydroxybenzoyl hexyl benzoate ethylhexyl salicylate ethylhexyl triazone dicaprylyl carbonate dimethicone butylene glycol bis-ethylhexyloxyphenol methoxyphenyl triazine isononyl isononanoate tapioca starch polymethyl methacrylate ascorbyl tetraisopalmitate glycerin steareth-2 steareth-21 phenoxyethanol hydroxyethyl acrylate\/sodium acryloyldimethyl taurate copolymer maltodextrin cetyl alcohol glycyrrhetinic acid chlorphenesin sucrose dilaurate o-cymen-5-ol tocopheryl acetate xanthan gum sodium cocoyl glutamate polymethylsilsesquioxane polysorbate 60 sorbitan isostearate pisum sativum extract (pisum sativum (pea) extract) citric acid propylene glycol bht ci 75470 (carmine) tocopherol sodium citrate<\/p>","protected":false},"excerpt":{"rendered":"<p>ce soin anti-taches apporte une tr\u00e8s haute protection contre les uva\/uvb att\u00e9nue les d\u00e9fauts de pigmentation et aide \u00e0 pr\u00e9venir l&rsquo;apparition des taches brunes.\u00a0<br \/>sa texture fondante assure une p\u00e9n\u00e9tration rapide et un fini non-gras invisible.<br \/>son complexe filtrant associ\u00e9 \u00e0 la vitamine e et \u00e0 un d\u00e9riv\u00e9 de vitamine c apporte une tr\u00e8s haute protection contre les uvb uva et les radicaux libres pour pr\u00e9venir l\u2019apparition des taches.<br \/>le complexe cx associant des actifs anti-taches apaisants et anti-oxydants homog\u00e9n\u00e9ise le teint et att\u00e9nue les d\u00e9fauts de pigmentation.<\/p>","protected":false},"featured_media":23574,"template":"","meta":{"arc_restricted_post":false},"product_cat":[48,333],"product_tag":[],"_links":{"self":[{"href":"https:\/\/www.sopha-sahara.com\/en\/wp-json\/wp\/v2\/product\/23492"}],"collection":[{"href":"https:\/\/www.sopha-sahara.com\/en\/wp-json\/wp\/v2\/product"}],"about":[{"href":"https:\/\/www.sopha-sahara.com\/en\/wp-json\/wp\/v2\/types\/product"}],"wp:featuredmedia":[{"embeddable":true,"href":"https:\/\/www.sopha-sahara.com\/en\/wp-json\/wp\/v2\/media\/23574"}],"wp:attachment":[{"href":"https:\/\/www.sopha-sahara.com\/en\/wp-json\/wp\/v2\/media?parent=23492"}],"wp:term":[{"taxonomy":"product_cat","embeddable":true,"href":"https:\/\/www.sopha-sahara.com\/en\/wp-json\/wp\/v2\/product_cat?post=23492"},{"taxonomy":"product_tag","embeddable":true,"href":"https:\/\/www.sopha-sahara.com\/en\/wp-json\/wp\/v2\/product_tag?post=23492"}],"curies":[{"name":"wp","href":"https:\/\/api.w.org\/{rel}","templated":true}]}}