{"id":23491,"date":"2020-12-15T10:56:20","date_gmt":"2020-12-15T09:56:20","guid":{"rendered":"https:\/\/www.interbusinesschamber.com\/produit\/uriage-age-protect-serum-intensif-multi-actions-30ml\/"},"modified":"2020-12-30T09:24:03","modified_gmt":"2020-12-30T08:24:03","slug":"uriage-age-protect-serum-intensif-multi-actions-30ml","status":"publish","type":"product","link":"https:\/\/www.sopha-sahara.com\/en\/product\/uriage-age-protect-serum-intensif-multi-actions-30ml\/","title":{"rendered":"URIAGE AGE PROTECT S\u00c9RUM INTENSIF MULTI-ACTIONS 30ML"},"content":{"rendered":"<div>\n<div><strong>RESULTATS :<\/strong><\/div>\n<div>-63%*<\/div>\n<div>Apparence des rides et ridules\u00a0<\/div>\n<div>Fermet\u00e9 de la peau : +140%*\u00a0<\/div>\n<div>Intensit\u00e9 des t\u00e2ches : -69%*<\/div>\n<div>\u00a0<\/div>\n<div>*\u00c9tude clinique sur 23 sujets sous contr\u00f4le dermatologique. Application biquotidienne pendant 56 jours. Auto-\u00e9valuation sur \u00e9chelle.<\/div>\n<\/div>\n<div>\u00a0<\/div>\n<div>\n<div><strong>PRINCIPES ACTIFS :<\/strong><\/div>\n<div>Eau Thermale d\u2019Uriage BLB Gommes v\u00e9g\u00e9tales AHA, Acide Hyaluronique TBPM*, R\u00e9tinol, Vitamines C et E, Sang du dragon**<\/div>\n<div>*Tr\u00e8s Bas Poids Mol\u00e9culaire\u00a0 **Extrait v\u00e9g\u00e9tal<\/div>\n<div>Test\u00e9 sous contr\u00f4le dermatologique Parfum<\/div>\n<\/div>\n<div>\u00a0<\/div>\n<div><strong>CONSEILS D'UTILISATION :<\/strong><\/div>\n<div>\n<div>Appliquer matin et\/ou soir, avant la cr\u00e8me sur une peau parfaitement nettoy\u00e9e et s\u00e9ch\u00e9e. \u00c9viter le contact avec les yeux. Ne pas appliquer chez la femme enceinte. En cas de picotements espacer les applications.<\/div>\n<\/div>","protected":false},"excerpt":{"rendered":"<div>Ce s\u00e9rum booster hautement concentr\u00e9 agit simultan\u00e9ment sur les signes de l&rsquo;\u00e2ge et sur les agressions quotidiennes que subit la peau : lumi\u00e8re bleue, UV, pollution, stress, fatigue&#8230; La peau est plus \u00e9clatante, plus ferme et para\u00eet plus jeune.<\/div>\n<div>Pr\u00e9vient et corrige les signes de l\u2019\u00e2ge<\/div>\n<div>Diminue l&rsquo;apparence des ridules et des rides, lutte contre la perte de tonicit\u00e9 et le manque de fermet\u00e9, aide \u00e0 pr\u00e9venir les taches pigmentaires et redonne vitalit\u00e9 et \u00e9clat. Synergie d\u2019actifs hautement concentr\u00e9es pour une action anti-\u00e2ge d\u00e9multipli\u00e9e.<\/div>\n<div>Prot\u00e8ge la peau<\/div>\n<div>La peau est prot\u00e9g\u00e9e de la pollution et des m\u00e9faits de la lumi\u00e8re bleue gr\u00e2ce au brevet BLB*.<\/div>\n<div>\u00a0<\/div>","protected":false},"featured_media":23556,"template":"","meta":{"arc_restricted_post":false},"product_cat":[48,333],"product_tag":[],"_links":{"self":[{"href":"https:\/\/www.sopha-sahara.com\/en\/wp-json\/wp\/v2\/product\/23491"}],"collection":[{"href":"https:\/\/www.sopha-sahara.com\/en\/wp-json\/wp\/v2\/product"}],"about":[{"href":"https:\/\/www.sopha-sahara.com\/en\/wp-json\/wp\/v2\/types\/product"}],"wp:featuredmedia":[{"embeddable":true,"href":"https:\/\/www.sopha-sahara.com\/en\/wp-json\/wp\/v2\/media\/23556"}],"wp:attachment":[{"href":"https:\/\/www.sopha-sahara.com\/en\/wp-json\/wp\/v2\/media?parent=23491"}],"wp:term":[{"taxonomy":"product_cat","embeddable":true,"href":"https:\/\/www.sopha-sahara.com\/en\/wp-json\/wp\/v2\/product_cat?post=23491"},{"taxonomy":"product_tag","embeddable":true,"href":"https:\/\/www.sopha-sahara.com\/en\/wp-json\/wp\/v2\/product_tag?post=23491"}],"curies":[{"name":"wp","href":"https:\/\/api.w.org\/{rel}","templated":true}]}}