{"id":23490,"date":"2020-12-15T10:56:20","date_gmt":"2020-12-15T09:56:20","guid":{"rendered":"https:\/\/www.interbusinesschamber.com\/produit\/uriage-age-protect-creme-multi-actions-40ml\/"},"modified":"2020-12-30T09:20:21","modified_gmt":"2020-12-30T08:20:21","slug":"uriage-age-protect-creme-multi-actions-40ml","status":"publish","type":"product","link":"https:\/\/www.sopha-sahara.com\/en\/product\/uriage-age-protect-creme-multi-actions-40ml\/","title":{"rendered":"URIAGE AGE PROTECT CR\u00c8ME MULTI-ACTIONS 40ML"},"content":{"rendered":"<div>\u00a0<\/div>\n<div><strong>CONSEILS D'UTILISATION :<\/strong><\/div>\n<div>\n<div>Appliquer le matin sur le visage parfaitement nettoy\u00e9 et s\u00e9ch\u00e9. Eviter le contact avec les yeux. Ne pas appliquer chez la femme enceinte. En cas de picotements espacer les applications.<\/div>\n<\/div>","protected":false},"excerpt":{"rendered":"<div>Cette cr\u00e8me onctueuse agit simultan\u00e9ment sur les signes de l&rsquo;\u00e2ge et sur les agressions quotidiennes que subit la peau : lumi\u00e8re bleue, UV, pollution, stress, fatigue&#8230; Enrichie en actifs hydratants, la peau est parfaitement hydrat\u00e9e et souple.<\/div>\n<div>\u00a0<\/div>\n<div>Pr\u00e9vient et corrige les signes de l\u2019\u00e2ge<\/div>\n<div>Diminue l&rsquo;apparence des ridules et des rides, lutte contre la perte de tonicit\u00e9 et le manque de fermet\u00e9, aide \u00e0 pr\u00e9venir les taches pigmentaires et redonne vitalit\u00e9 et \u00e9clat.<\/div>\n<div>\u00a0<\/div>\n<div>Prot\u00e8ge la peau<\/div>\n<div>La peau est prot\u00e9g\u00e9e de la pollution et des m\u00e9faits de la lumi\u00e8re bleue gr\u00e2ce au brevet BLB*<\/div>\n<div>\u00a0<\/div>\n<div>Hydrate la peau<\/div>\n<div>Enrichie en Eau Thermale d\u2019Uriage et en Cires V\u00e9g\u00e9tales (Acacia, Tournesol, Fleur de la Prairie) pour une peau souple et hydrat\u00e9e.<\/div>","protected":false},"featured_media":23551,"template":"","meta":{"arc_restricted_post":false},"product_cat":[48,333],"product_tag":[],"_links":{"self":[{"href":"https:\/\/www.sopha-sahara.com\/en\/wp-json\/wp\/v2\/product\/23490"}],"collection":[{"href":"https:\/\/www.sopha-sahara.com\/en\/wp-json\/wp\/v2\/product"}],"about":[{"href":"https:\/\/www.sopha-sahara.com\/en\/wp-json\/wp\/v2\/types\/product"}],"wp:featuredmedia":[{"embeddable":true,"href":"https:\/\/www.sopha-sahara.com\/en\/wp-json\/wp\/v2\/media\/23551"}],"wp:attachment":[{"href":"https:\/\/www.sopha-sahara.com\/en\/wp-json\/wp\/v2\/media?parent=23490"}],"wp:term":[{"taxonomy":"product_cat","embeddable":true,"href":"https:\/\/www.sopha-sahara.com\/en\/wp-json\/wp\/v2\/product_cat?post=23490"},{"taxonomy":"product_tag","embeddable":true,"href":"https:\/\/www.sopha-sahara.com\/en\/wp-json\/wp\/v2\/product_tag?post=23490"}],"curies":[{"name":"wp","href":"https:\/\/api.w.org\/{rel}","templated":true}]}}