{"id":23489,"date":"2020-12-15T10:56:20","date_gmt":"2020-12-15T09:56:20","guid":{"rendered":"https:\/\/www.interbusinesschamber.com\/produit\/uriage-ekyced-pi-15ml\/"},"modified":"2020-12-30T10:51:09","modified_gmt":"2020-12-30T09:51:09","slug":"uriage-ekyced-pi-15ml","status":"publish","type":"product","link":"https:\/\/www.sopha-sahara.com\/en\/product\/uriage-ekyced-pi-15ml\/","title":{"rendered":"URIAGE EKYCED PI 15ML"},"content":{"rendered":"<p><strong>Composition :<\/strong><\/p>\n<p>Eau Thermale d\u2019Uriage, Escine, Sulfate de Dextran, Vitamines A, E, C, Glyc\u00e9rine, Hypoallerg\u00e9nique, Sans parfum.<\/p>\n<p>&nbsp;<\/p>\n<p>Indications :<\/p>\n<p><strong>Utilisation :\u00a0<\/strong>Appliquer localement 2 \u00e0 3 fois par jour sur une peau parfaitement nettoy\u00e9e en pr\u00e9 et post-acte. Ne pas appliquer sur les plaies, les muqueuses et dans les yeux.<\/p>\n<p><strong>Conseill\u00e9 pour :\u00a0<\/strong>Tous<\/p>","protected":false},"excerpt":{"rendered":"<p><strong>Ekyced P.I.,<\/strong>\u00a0des laboratoires\u00a0<strong>Uriage<\/strong>, est un soin qui a \u00e9t\u00e9 mis sp\u00e9cifiquement au point pour pr\u00e9parer et accompagner la peau aux interventions dermo-esth\u00e9tiques.<\/p>\n<p>&nbsp;<\/p>\n<p><strong>Ekyced P.I.<\/strong>\u00a0est le soin id\u00e9al pour apaiser et prot\u00e9ger la peau car il contient du Sulfate de dextran et de l&rsquo;Escine permettant de r\u00e9sorber et d\u00e9congestionner suite aux traitements.<\/p>\n<p>&nbsp;<\/p>\n<p>Ce soin unique\u00a0<strong>Uriage<\/strong>\u00a0associe de nombreuses vitamines (A+E+C) qui ont des vertus reg\u00e9n\u00e9rantes notamment sur une peau l\u00e9s\u00e9e.<\/p>\n<p>&nbsp;<\/p>","protected":false},"featured_media":23633,"template":"","meta":{"arc_restricted_post":false},"product_cat":[48,333],"product_tag":[],"_links":{"self":[{"href":"https:\/\/www.sopha-sahara.com\/en\/wp-json\/wp\/v2\/product\/23489"}],"collection":[{"href":"https:\/\/www.sopha-sahara.com\/en\/wp-json\/wp\/v2\/product"}],"about":[{"href":"https:\/\/www.sopha-sahara.com\/en\/wp-json\/wp\/v2\/types\/product"}],"wp:featuredmedia":[{"embeddable":true,"href":"https:\/\/www.sopha-sahara.com\/en\/wp-json\/wp\/v2\/media\/23633"}],"wp:attachment":[{"href":"https:\/\/www.sopha-sahara.com\/en\/wp-json\/wp\/v2\/media?parent=23489"}],"wp:term":[{"taxonomy":"product_cat","embeddable":true,"href":"https:\/\/www.sopha-sahara.com\/en\/wp-json\/wp\/v2\/product_cat?post=23489"},{"taxonomy":"product_tag","embeddable":true,"href":"https:\/\/www.sopha-sahara.com\/en\/wp-json\/wp\/v2\/product_tag?post=23489"}],"curies":[{"name":"wp","href":"https:\/\/api.w.org\/{rel}","templated":true}]}}