{"id":23487,"date":"2020-12-15T10:56:19","date_gmt":"2020-12-15T09:56:19","guid":{"rendered":"https:\/\/www.interbusinesschamber.com\/produit\/uriage-ds-hair-shampooing-traitant-antipelliculaire-200ml\/"},"modified":"2020-12-30T10:24:21","modified_gmt":"2020-12-30T09:24:21","slug":"uriage-ds-hair-shampooing-traitant-antipelliculaire-200ml","status":"publish","type":"product","link":"https:\/\/www.sopha-sahara.com\/en\/product\/uriage-ds-hair-shampooing-traitant-antipelliculaire-200ml\/","title":{"rendered":"URIAGE DS HAIR SHAMPOOING TRAITANT ANTIPELLICULAIRE 200ML"},"content":{"rendered":"<div><strong>R\u00e9sultats<\/strong><\/div>\n<div>100% Efficacit\u00e9 prouv\u00e9e :\u00a0<\/div>\n<div>\u2022 DIMINUTION DES PELLICULES : 100%*(1)<\/div>\n<div>\u00a0<\/div>\n<div>Consommateurs conquis :\u00a0<\/div>\n<div>\u2022 AGIT D\u00c8S LA PREMIERE APPLICATION : 89%*(2)\u00a0<\/div>\n<div>\u2022 DIMINUE LES SENSATIONS D\u2019INCONFORT : 100%*(2)<\/div>\n<div>\u00a0<\/div>\n<div>*Etude clinique sous contr\u00f4le dermatologique sur 28 sujets. Application 2 fois par semaine pendant 3 semaines puis 1 fois par semaine pendant 3 semaines en association quotidienne pendant 6 semaines avec DS HAIR Shampooing Doux Equilibrant. (1)Evaluation par le dermatologue. % satisfaction (2).<\/div>\n<div>\u00a0<\/div>\n<div><strong>PRINCIPES ACTIFS :<\/strong><\/div>\n<div>Complexe brevet\u00e9 : TLR2 Regul\u00a0 \u00a0 \u00a0 \u00a0 \u00a0 \u00a0 \u00a0 \u00a0 \u00a0 \u00a0 \u00a0 \u00a0 \u00a0 \u00a0 \u00a0 \u00a0 \u00a0 \u00a0 \u00a0 \u00a0 \u00a0 \u00a0<\/div>\n<div>Piroctone Olamine\u00a0 \u00a0 \u00a0 \u00a0 \u00a0 \u00a0<\/div>\n<div>Lactate de Zinc<\/div>\n<div>Eau Thermale d\u2019Uriage<\/div>\n<div>Edelweiss<\/div>\n<div>Haute Tol\u00e9rance<\/div>\n<div>\u00a0<\/div>\n<div><strong>CONSEILS D'UTILISATION :<\/strong><\/div>\n<div>Appliquer 1 \u00e0 2 fois par semaine sur cheveux mouill\u00e9s, le front et la nuque. Faire mousser en massant avec douceur, laisser poser 2-3 minutes puis rincer abondamment. En relais, utiliser DS HAIR SHAMPOOING DOUX \u00c9QUILIBRANT. Eviter le contact avec les yeux.\u00a0<\/div>","protected":false},"excerpt":{"rendered":"<div>Innovation DS HAIR : 1\u00e8re gamme de shampooings \u00e0 l&rsquo;Eau Thermale des Alpes Fran\u00e7aises.\u00a0<\/div>\n<div>Ce shampooing traitant antipelliculaire \u00e9limine les pellicules, s\u00e8ches ou grasses. Le cuir chevelu est purifi\u00e9 et les d\u00e9mangeaisons apais\u00e9es. Sa texture ultra-sensorielle apporte souplesse, beaut\u00e9 et brillance aux cheveux.<\/div>\n<div>\u00a0<\/div>\n<div>ACTION APAISANTE : La technologie brevet\u00e9e TLR2-Regul, combin\u00e9e \u00e0 l\u2019Eau Thermale d\u2019Uriage et \u00e0 l\u2019Edelweiss agissent sp\u00e9cifiquement pour apaiser et prot\u00e9ger le cuir chevelu.<\/div>\n<div>\u00a0<\/div>\n<div>ACTION PURIFIANTE : L&rsquo;association de la piroctone olamine avec le lactate de zinc permet de combattre et pr\u00e9venir l\u2019exc\u00e8s de Malassezia qui aggravent les pellicules.<\/div>\n<div>\u00a0<\/div>","protected":false},"featured_media":23609,"template":"","meta":{"arc_restricted_post":false},"product_cat":[48,333],"product_tag":[],"_links":{"self":[{"href":"https:\/\/www.sopha-sahara.com\/en\/wp-json\/wp\/v2\/product\/23487"}],"collection":[{"href":"https:\/\/www.sopha-sahara.com\/en\/wp-json\/wp\/v2\/product"}],"about":[{"href":"https:\/\/www.sopha-sahara.com\/en\/wp-json\/wp\/v2\/types\/product"}],"wp:featuredmedia":[{"embeddable":true,"href":"https:\/\/www.sopha-sahara.com\/en\/wp-json\/wp\/v2\/media\/23609"}],"wp:attachment":[{"href":"https:\/\/www.sopha-sahara.com\/en\/wp-json\/wp\/v2\/media?parent=23487"}],"wp:term":[{"taxonomy":"product_cat","embeddable":true,"href":"https:\/\/www.sopha-sahara.com\/en\/wp-json\/wp\/v2\/product_cat?post=23487"},{"taxonomy":"product_tag","embeddable":true,"href":"https:\/\/www.sopha-sahara.com\/en\/wp-json\/wp\/v2\/product_tag?post=23487"}],"curies":[{"name":"wp","href":"https:\/\/api.w.org\/{rel}","templated":true}]}}