{"id":23486,"date":"2020-12-15T10:56:19","date_gmt":"2020-12-15T09:56:19","guid":{"rendered":"https:\/\/www.interbusinesschamber.com\/produit\/uriage-ds-hair-shampooing-doux-equilibrant-200ml\/"},"modified":"2020-12-30T10:23:47","modified_gmt":"2020-12-30T09:23:47","slug":"uriage-ds-hair-shampooing-doux-equilibrant-200ml","status":"publish","type":"product","link":"https:\/\/www.sopha-sahara.com\/en\/product\/uriage-ds-hair-shampooing-doux-equilibrant-200ml\/","title":{"rendered":"URIAGE DS HAIR SHAMPOOING DOUX \u00c9QUILIBRANT 200ML"},"content":{"rendered":"<div><strong>RESULTATS :<\/strong><\/div>\n<div>98%*<\/div>\n<div>\u2022 LAISSE LES CHEVEUX SOYEUX : 98%*\u00a0<\/div>\n<div>\u2022 PROCURE UNE SENSATION DE CONFORT ET DE FRA\u00ceCHEUR : 95%*<\/div>\n<div>\u00a0<\/div>\n<div>*Etude clinique sous contr\u00f4le dermatologique sur 58 sujets. Application quotidienne pendant 6 semaines, en compl\u00e9ment de DS Hair Shampoing Traitant Antipelliculaire ou DS Hair Shampoing Traitant K\u00e9rator\u00e9ducteur. % satisfaction.<\/div>\n<div>\u00a0<\/div>\n<div><strong>PRINCIPES ACTIFS :<\/strong><\/div>\n<div>Complexe brevet\u00e9 : TLR2 Regul<\/div>\n<div>Piroctone Olamine Eau Thermale d\u2019Uriage Edelweiss<\/div>\n<div>Haute Tol\u00e9rance<\/div>\n<div>\u00a0<\/div>\n<div><strong>CONSEILS D'UTILISATION :<\/strong><\/div>\n<div>Usage quotidien ou en compl\u00e9ment des shampoings traitants antipelliculaires DS HAIR. Appliquer sur cheveux mouill\u00e9s, le front et la nuque. Faire mousser en massant avec douceur. Rincer abondamment. Eviter le contact avec les yeux.<\/div>","protected":false},"excerpt":{"rendered":"<div>Innovation DS HAIR : 1\u00e8re gamme de shampoings \u00e0 l&rsquo;Eau Thermale des Alpes Fran\u00e7aises. Ce shampooing purifiant et \u00e9quilibrant apaise le cuir chevelu et procure une sensation de confort et de fra\u00eecheur. Dot\u00e9 d&rsquo;un parfum frais et agr\u00e9able, d&rsquo;une mousse onctueuse et d&rsquo;une texture douce, il laisse les cheveux sains et soyeux.<\/div>\n<ul>\n<li>ACTION APAISANTE : La technologie brevet\u00e9e TLR2-Regul, combin\u00e9e \u00e0 l\u2019Eau Thermale d\u2019Uriage et \u00e0 l\u2019Edelweiss agissent sp\u00e9cifiquement pour apaiser et prot\u00e9ger le cuir chevelu.<\/li>\n<li>ACTION PURIFIANTE : Sa formule \u00e0 base de Piroctone Olamine purifie le cuir chevelu.<\/li>\n<\/ul>\n<div>\u00a0<\/div>","protected":false},"featured_media":23608,"template":"","meta":{"arc_restricted_post":false},"product_cat":[48,333],"product_tag":[],"_links":{"self":[{"href":"https:\/\/www.sopha-sahara.com\/en\/wp-json\/wp\/v2\/product\/23486"}],"collection":[{"href":"https:\/\/www.sopha-sahara.com\/en\/wp-json\/wp\/v2\/product"}],"about":[{"href":"https:\/\/www.sopha-sahara.com\/en\/wp-json\/wp\/v2\/types\/product"}],"wp:featuredmedia":[{"embeddable":true,"href":"https:\/\/www.sopha-sahara.com\/en\/wp-json\/wp\/v2\/media\/23608"}],"wp:attachment":[{"href":"https:\/\/www.sopha-sahara.com\/en\/wp-json\/wp\/v2\/media?parent=23486"}],"wp:term":[{"taxonomy":"product_cat","embeddable":true,"href":"https:\/\/www.sopha-sahara.com\/en\/wp-json\/wp\/v2\/product_cat?post=23486"},{"taxonomy":"product_tag","embeddable":true,"href":"https:\/\/www.sopha-sahara.com\/en\/wp-json\/wp\/v2\/product_tag?post=23486"}],"curies":[{"name":"wp","href":"https:\/\/api.w.org\/{rel}","templated":true}]}}