{"id":23485,"date":"2020-12-15T10:56:18","date_gmt":"2020-12-15T09:56:18","guid":{"rendered":"https:\/\/www.interbusinesschamber.com\/produit\/uriage-age-protect-creme-nuit-peeling-multi-actions-50ml\/"},"modified":"2020-12-30T09:22:26","modified_gmt":"2020-12-30T08:22:26","slug":"uriage-age-protect-creme-nuit-peeling-multi-actions-50ml","status":"publish","type":"product","link":"https:\/\/www.sopha-sahara.com\/en\/product\/uriage-age-protect-creme-nuit-peeling-multi-actions-50ml\/","title":{"rendered":"URIAGE AGE PROTECT CR\u00c8ME NUIT PEELING MULTI-ACTIONS 50ML"},"content":{"rendered":"<p><strong>R\u00e9sultats<\/strong> :<br \/>-72%*<br \/>Apparence des rides et ridules\u00a0<br \/>Intensit\u00e9 des t\u00e2ches : -76%(1)\u00a0<br \/>\u00c9clat su teint : +221%(1)\u00a0<br \/>Peau repos\u00e9e : 100(2)<\/p>\n<p>*\u00c9tude clinique sur 24 sujets sous contr\u00f4le dermatologique pendant 56 jours. Application 1 jour sur 2 pendant 1 semaine puis quotidienne les semaines suivantes. (1) Auto-\u00e9valuation sur \u00e9chelle. (2) Auto-\u00e9valuation, pourcentage de satisfaction.<\/p>\n<p><strong>Principes actifs :<\/strong><br \/>Eau Thermale d\u2019Uriage Acide Hyaluronique TBPM*, Sang du dragon**, Vitamines C et E Cresson, AHA, Squalane d\u2019Olive, Cires V\u00e9g\u00e9tales *Tr\u00e8s Bas Poids Mol\u00e9culaire\u00a0 **Extrait v\u00e9g\u00e9tal<br \/>Test\u00e9 sous contr\u00f4le dermatologique Parfum<\/p>\n<p><strong>CONSEILS D'UTILISATION :<\/strong><br \/>Appliquer le soir, une \u00e0 deux fois par semaine, sur le visage parfaitement nettoy\u00e9 et s\u00e9ch\u00e9. Eviter le contact avec les yeux. En cas de picotements espacer les applications.<\/p>","protected":false},"excerpt":{"rendered":"<p>Cette cr\u00e8me onctueuse agit durant la nuit pour un effet peeling r\u00e9v\u00e9lateur d\u2019\u00e9clat. Nuit apr\u00e8s nuit, le teint s&rsquo;illumine, l\u2019apparence des rides s&rsquo;estompent, les irr\u00e9gularit\u00e9s du teint s&rsquo;att\u00e9nuent, le grain de peau s&rsquo;affine.<\/p>\n<p>Pr\u00e9vient et corrige les signes de l\u2019\u00e2ge<br \/>Diminue l&rsquo;apparence des ridules et des rides, lutte contre la perte de tonicit\u00e9, aide \u00e0 pr\u00e9venir les taches pigmentaires et redonne vitalit\u00e9 et \u00e9clat.<\/p>\n<p>Lisse la peau<br \/>Les AHA agissent durant la nuit pour un effet peeling en toute s\u00e9curit\u00e9 et une action sur les rides, taches et imperfections.<\/p>\n<p>Am\u00e9liore l\u2019oxyg\u00e9nation cellulaire<br \/>Prot\u00e8ge la peau des polluants en activant son syst\u00e8me de d\u00e9toxification.<\/p>\n<p>Hydrate la peau<br \/>Enrichie en Eau Thermale d\u2019Uriage et en Cires V\u00e9g\u00e9tales (Acacia, Tournesol, Fleur de la Prairie) pour une peau souple et hydrat\u00e9e.<\/p>","protected":false},"featured_media":23554,"template":"","meta":{"arc_restricted_post":false},"product_cat":[48,333],"product_tag":[],"_links":{"self":[{"href":"https:\/\/www.sopha-sahara.com\/en\/wp-json\/wp\/v2\/product\/23485"}],"collection":[{"href":"https:\/\/www.sopha-sahara.com\/en\/wp-json\/wp\/v2\/product"}],"about":[{"href":"https:\/\/www.sopha-sahara.com\/en\/wp-json\/wp\/v2\/types\/product"}],"wp:featuredmedia":[{"embeddable":true,"href":"https:\/\/www.sopha-sahara.com\/en\/wp-json\/wp\/v2\/media\/23554"}],"wp:attachment":[{"href":"https:\/\/www.sopha-sahara.com\/en\/wp-json\/wp\/v2\/media?parent=23485"}],"wp:term":[{"taxonomy":"product_cat","embeddable":true,"href":"https:\/\/www.sopha-sahara.com\/en\/wp-json\/wp\/v2\/product_cat?post=23485"},{"taxonomy":"product_tag","embeddable":true,"href":"https:\/\/www.sopha-sahara.com\/en\/wp-json\/wp\/v2\/product_tag?post=23485"}],"curies":[{"name":"wp","href":"https:\/\/api.w.org\/{rel}","templated":true}]}}