{"id":23484,"date":"2020-12-15T10:56:18","date_gmt":"2020-12-15T09:56:18","guid":{"rendered":"https:\/\/www.interbusinesschamber.com\/produit\/uriage-age-protect-creme-nuit-detox-multi-actions-40ml\/"},"modified":"2020-12-30T09:21:47","modified_gmt":"2020-12-30T08:21:47","slug":"uriage-age-protect-creme-nuit-detox-multi-actions-40ml","status":"publish","type":"product","link":"https:\/\/www.sopha-sahara.com\/en\/product\/uriage-age-protect-creme-nuit-detox-multi-actions-40ml\/","title":{"rendered":"URIAGE AGE PROTECT CR\u00c8ME NUIT D\u00c9TOX MULTI-ACTIONS 40ML"},"content":{"rendered":"<p><strong>CONSEILS D'UTILISATION :<\/strong><br \/>Appliquer le soir sur le visage parfaitement nettoy\u00e9 et s\u00e9ch\u00e9. Eviter le contact avec les yeux. Ne pas appliquer chez la femme enceinte. En cas de picotements espacer les applications.<\/p>","protected":false},"excerpt":{"rendered":"<p>Ce soin velours est le 1er soin de nuit* qui agit simultan\u00e9ment sur les signes de l&rsquo;\u00e2ge et l\u2019am\u00e9lioration de l\u2019oxyg\u00e9nation cellulaire**. Au r\u00e9veil, le teint est d\u00e9gris\u00e9 et rayonne d\u2019un \u00e9clat frais, les traits sont repos\u00e9s. Nuit apr\u00e8s nuit, la peau est comme r\u00e9g\u00e9n\u00e9r\u00e9e, d\u00e9toxifi\u00e9e, le teint retrouve sa luminosit\u00e9.<\/p>\n<p>*de chez Uriage.\u00a0<br \/>**Test in vitro sur ingr\u00e9dients.<\/p>\n<p>Pr\u00e9vient et corrige les signes de l\u2019\u00e2ge<br \/>Diminue l&rsquo;apparence des ridules et des rides, lutte contre la perte de tonicit\u00e9 et le manque de fermet\u00e9, redonne vitalit\u00e9 et \u00e9clat.<\/p>\n<p>Am\u00e9liore l\u2019oxyg\u00e9nation cellulaire<br \/>Prot\u00e8ge la peau des polluants en activant son syst\u00e8me de d\u00e9toxification.<\/p>\n<p>Hydrate la peau<br \/>Enrichie en Eau Thermale d\u2019Uriage et en Cires V\u00e9g\u00e9tales pour une peau souple et hydrat\u00e9e.<\/p>","protected":false},"featured_media":23553,"template":"","meta":{"arc_restricted_post":false},"product_cat":[48,333],"product_tag":[],"_links":{"self":[{"href":"https:\/\/www.sopha-sahara.com\/en\/wp-json\/wp\/v2\/product\/23484"}],"collection":[{"href":"https:\/\/www.sopha-sahara.com\/en\/wp-json\/wp\/v2\/product"}],"about":[{"href":"https:\/\/www.sopha-sahara.com\/en\/wp-json\/wp\/v2\/types\/product"}],"wp:featuredmedia":[{"embeddable":true,"href":"https:\/\/www.sopha-sahara.com\/en\/wp-json\/wp\/v2\/media\/23553"}],"wp:attachment":[{"href":"https:\/\/www.sopha-sahara.com\/en\/wp-json\/wp\/v2\/media?parent=23484"}],"wp:term":[{"taxonomy":"product_cat","embeddable":true,"href":"https:\/\/www.sopha-sahara.com\/en\/wp-json\/wp\/v2\/product_cat?post=23484"},{"taxonomy":"product_tag","embeddable":true,"href":"https:\/\/www.sopha-sahara.com\/en\/wp-json\/wp\/v2\/product_tag?post=23484"}],"curies":[{"name":"wp","href":"https:\/\/api.w.org\/{rel}","templated":true}]}}