{"id":23483,"date":"2020-12-15T10:56:18","date_gmt":"2020-12-15T09:56:18","guid":{"rendered":"https:\/\/www.interbusinesschamber.com\/produit\/uriage-age-protect-creme-multi-actions-spf30-40ml\/"},"modified":"2020-12-30T09:21:10","modified_gmt":"2020-12-30T08:21:10","slug":"uriage-age-protect-creme-multi-actions-spf30-40ml","status":"publish","type":"product","link":"https:\/\/www.sopha-sahara.com\/en\/product\/uriage-age-protect-creme-multi-actions-spf30-40ml\/","title":{"rendered":"URIAGE AGE PROTECT CR\u00c8ME MULTI-ACTIONS SPF30 (40ML)"},"content":{"rendered":"<p><strong>R\u00e9sultats<\/strong><br \/>-46%*<br \/>Apparence des rides et ridules\u00a0<br \/>Fermet\u00e9 de la peau : +68%*\u00a0<br \/>Intensit\u00e9 des t\u00e2ches : -51%*\u00a0<br \/>\u00c9clat du teint : +78%*\u00a0<br \/>Hydratation longue dur\u00e9e : 8H*<\/p>\n<p>*\u00c9tude clinique sur 24 sujets sous contr\u00f4le dermatologique. Application quotidienne pendant 56 jours. Auto-\u00e9valuation sur \u00e9chelle.\u00a0<br \/>**Test d\u2019hydratation par corn\u00e9om\u00e9trie sur 11 sujets apr\u00e8s 8h d\u2019une application unique.<\/p>\n<p>Principes actifs<br \/>Eau Thermale d\u2019Uriage BLB Gommes v\u00e9g\u00e9tales R\u00e9tinol, Acide Hyaluronique TBPM*, Sang du dragon**, Vitamines C et E Glyc\u00e9rine &amp; Filtres UV<\/p>\n<p>*Tr\u00e8s Bas Poids Mol\u00e9culaire\u00a0 **Extrait v\u00e9g\u00e9tal<\/p>\n<p>Test\u00e9 sous contr\u00f4le dermatologique Parfum<\/p>\n<p><strong>CONSEILS D'UTILISATION :<\/strong><br \/>Appliquer le matin sur le visage parfaitement nettoy\u00e9 et s\u00e9ch\u00e9. Eviter le contact avec les yeux. Ne pas appliquer chez la femme enceinte. En cas de picotements espacer les applications.<\/p>","protected":false},"excerpt":{"rendered":"<p>peau : lumi\u00e8re bleue, UV, pollution, stress, fatigue&#8230; Enrichie d\u2019une protection UV SPF30, la peau est parfaitement hydrat\u00e9e et prot\u00e9g\u00e9e.<\/p>\n<p>Pr\u00e9vient et corrige les signes de l\u2019\u00e2ge<br \/>Diminue l&rsquo;apparence des ridules et des rides, lutte contre la perte de tonicit\u00e9 et le manque de fermet\u00e9, aide \u00e0 pr\u00e9venir les taches pigmentaires et redonne vitalit\u00e9 et \u00e9clat.<\/p>\n<p>Prot\u00e8ge la peau<br \/>La peau est prot\u00e9g\u00e9e de la pollution et des m\u00e9faits de la lumi\u00e8re bleue et ceux du soleil gr\u00e2ce au brevet BLB* et aux filtres UV pour une protection SPF30.<\/p>\n<p>Hydrate la peau<br \/>Enrichie en glyc\u00e9rine et en Eau Thermale d\u2019Uriage pour une peau souple et hydrat\u00e9e.<\/p>\n<p>* Brevet d\u00e9pos\u00e9 BLB : barri\u00e8re lumi\u00e8re bleue.<br \/>\u00a0<\/p>","protected":false},"featured_media":23552,"template":"","meta":{"arc_restricted_post":false},"product_cat":[48,333],"product_tag":[],"_links":{"self":[{"href":"https:\/\/www.sopha-sahara.com\/en\/wp-json\/wp\/v2\/product\/23483"}],"collection":[{"href":"https:\/\/www.sopha-sahara.com\/en\/wp-json\/wp\/v2\/product"}],"about":[{"href":"https:\/\/www.sopha-sahara.com\/en\/wp-json\/wp\/v2\/types\/product"}],"wp:featuredmedia":[{"embeddable":true,"href":"https:\/\/www.sopha-sahara.com\/en\/wp-json\/wp\/v2\/media\/23552"}],"wp:attachment":[{"href":"https:\/\/www.sopha-sahara.com\/en\/wp-json\/wp\/v2\/media?parent=23483"}],"wp:term":[{"taxonomy":"product_cat","embeddable":true,"href":"https:\/\/www.sopha-sahara.com\/en\/wp-json\/wp\/v2\/product_cat?post=23483"},{"taxonomy":"product_tag","embeddable":true,"href":"https:\/\/www.sopha-sahara.com\/en\/wp-json\/wp\/v2\/product_tag?post=23483"}],"curies":[{"name":"wp","href":"https:\/\/api.w.org\/{rel}","templated":true}]}}