{"id":23482,"date":"2020-12-15T10:56:17","date_gmt":"2020-12-15T09:56:17","guid":{"rendered":"https:\/\/www.interbusinesschamber.com\/produit\/uriage-deodorant-douceur-peaux-sensibles-50ml\/"},"modified":"2020-12-30T10:09:11","modified_gmt":"2020-12-30T09:09:11","slug":"uriage-deodorant-douceur-peaux-sensibles-50ml","status":"publish","type":"product","link":"https:\/\/www.sopha-sahara.com\/en\/product\/uriage-deodorant-douceur-peaux-sensibles-50ml\/","title":{"rendered":"URIAGE DEODORANT DOUCEUR PEAUX SENSIBLES 50ML"},"content":{"rendered":"","protected":false},"excerpt":{"rendered":"<div class=\"product-intro\">\n<p>Ce d\u00e9odorant sans sels d\u2019aluminium vous apporte une v\u00e9ritable touche de douceur et une efficacit\u00e9 anti-odeurs durant 24h.<\/p>\n<\/div>\n<div class=\"product-description\">\n<h4>Contr\u00f4le les odeurs<\/h4>\n<p>Inhibe les enzymes responsables de la d\u00e9gradation de la sueur et contr\u00f4le les odeurs corporelles gr\u00e2ce \u00e0 son pouvoir antiadh\u00e9sif.<\/p>\n<h4>Conseils<\/h4>\n<p>Facile d&rsquo;utilisation, appliquez le d\u00e9odorant-bille sur une peau propre et s\u00e8che. Ne pas appliquer sur une peau irrit\u00e9e.<\/p>\n<\/div>","protected":false},"featured_media":23594,"template":"","meta":{"arc_restricted_post":false},"product_cat":[48,333],"product_tag":[],"_links":{"self":[{"href":"https:\/\/www.sopha-sahara.com\/en\/wp-json\/wp\/v2\/product\/23482"}],"collection":[{"href":"https:\/\/www.sopha-sahara.com\/en\/wp-json\/wp\/v2\/product"}],"about":[{"href":"https:\/\/www.sopha-sahara.com\/en\/wp-json\/wp\/v2\/types\/product"}],"wp:featuredmedia":[{"embeddable":true,"href":"https:\/\/www.sopha-sahara.com\/en\/wp-json\/wp\/v2\/media\/23594"}],"wp:attachment":[{"href":"https:\/\/www.sopha-sahara.com\/en\/wp-json\/wp\/v2\/media?parent=23482"}],"wp:term":[{"taxonomy":"product_cat","embeddable":true,"href":"https:\/\/www.sopha-sahara.com\/en\/wp-json\/wp\/v2\/product_cat?post=23482"},{"taxonomy":"product_tag","embeddable":true,"href":"https:\/\/www.sopha-sahara.com\/en\/wp-json\/wp\/v2\/product_tag?post=23482"}],"curies":[{"name":"wp","href":"https:\/\/api.w.org\/{rel}","templated":true}]}}