{"id":23481,"date":"2020-12-15T10:56:17","date_gmt":"2020-12-15T09:56:17","guid":{"rendered":"https:\/\/www.interbusinesschamber.com\/produit\/uriage-roseliane-soin-de-teint-15-ml-dore-naturel\/"},"modified":"2020-12-30T11:14:28","modified_gmt":"2020-12-30T10:14:28","slug":"uriage-roseliane-soin-de-teint-15-ml-dore-naturel","status":"publish","type":"product","link":"https:\/\/www.sopha-sahara.com\/en\/product\/uriage-roseliane-soin-de-teint-15-ml-dore-naturel\/","title":{"rendered":"URIAGE ROSELIANE SOIN DE TEINT 15 ML DOR\u00c9 NATUREL"},"content":{"rendered":"","protected":false},"excerpt":{"rendered":"<p>Gr\u00e2ce \u00e0 sa texture exceptionnelle soyeuse, ROSELIANE Soin de Teint convient parfaitement aux peaux sensibles sujettes aux rougeurs pour masquer sans surcharge les imperfections du visage. Les actifs pr\u00e9sents renforcent ce confort extr\u00eame en \u00e9vitant toute sensation de tiraillement. Le teint devient lumineux tout en restant naturel. Existe en 2 teintes.<\/p>\n<p>Masque et corrige<br \/>Enrichis en actifs vasoprotecteurs adoucissants, il apporte \u00e0 la peau une sensation d\u2019extr\u00eame confort et prot\u00e8ge la microcirculation.<\/p>\n<p>Unifie le teint<br \/>Avec un choix de deux teintes, il dissimule parfaitement les imperfections pour un teint uniforme.<\/p>","protected":false},"featured_media":23658,"template":"","meta":{"arc_restricted_post":false},"product_cat":[48,333],"product_tag":[],"_links":{"self":[{"href":"https:\/\/www.sopha-sahara.com\/en\/wp-json\/wp\/v2\/product\/23481"}],"collection":[{"href":"https:\/\/www.sopha-sahara.com\/en\/wp-json\/wp\/v2\/product"}],"about":[{"href":"https:\/\/www.sopha-sahara.com\/en\/wp-json\/wp\/v2\/types\/product"}],"wp:featuredmedia":[{"embeddable":true,"href":"https:\/\/www.sopha-sahara.com\/en\/wp-json\/wp\/v2\/media\/23658"}],"wp:attachment":[{"href":"https:\/\/www.sopha-sahara.com\/en\/wp-json\/wp\/v2\/media?parent=23481"}],"wp:term":[{"taxonomy":"product_cat","embeddable":true,"href":"https:\/\/www.sopha-sahara.com\/en\/wp-json\/wp\/v2\/product_cat?post=23481"},{"taxonomy":"product_tag","embeddable":true,"href":"https:\/\/www.sopha-sahara.com\/en\/wp-json\/wp\/v2\/product_tag?post=23481"}],"curies":[{"name":"wp","href":"https:\/\/api.w.org\/{rel}","templated":true}]}}